{"id":6331,"date":"2023-05-30T10:39:32","date_gmt":"2023-05-30T10:39:32","guid":{"rendered":"https:\/\/advocaatreulens.be\/?page_id=6331"},"modified":"2023-05-31T15:00:48","modified_gmt":"2023-05-31T15:00:48","slug":"assistance-juridique-pour-les-entreprises-les-particuliers-et-les-independants","status":"publish","type":"page","link":"https:\/\/advocaatreulens.be\/fr\/assistance-juridique-pour-les-entreprises-les-particuliers-et-les-independants\/","title":{"rendered":"Assistance juridique pour les entreprises, les particuliers et les ind\u00e9pendants"},"content":{"rendered":"\t\t<div data-elementor-type=\"wp-page\" data-elementor-id=\"6331\" class=\"elementor elementor-6331 elementor-6182\" data-elementor-post-type=\"page\">\n\t\t\t\t\t\t<section class=\"elementor-section elementor-top-section elementor-element elementor-element-4c67e1b elementor-section-boxed elementor-section-height-default elementor-section-height-default\" data-id=\"4c67e1b\" data-element_type=\"section\" data-e-type=\"section\">\n\t\t\t\t\t\t<div class=\"elementor-container elementor-column-gap-default\">\n\t\t\t\t\t<div class=\"elementor-column elementor-col-100 elementor-top-column elementor-element elementor-element-2cc62d5\" data-id=\"2cc62d5\" data-element_type=\"column\" data-e-type=\"column\">\n\t\t\t<div class=\"elementor-widget-wrap elementor-element-populated\">\n\t\t\t\t\t\t<div class=\"elementor-element elementor-element-82eb73c elementor-widget__width-auto elementor-widget elementor-widget-theme-site-logo elementor-widget-image\" data-id=\"82eb73c\" data-element_type=\"widget\" data-e-type=\"widget\" data-widget_type=\"theme-site-logo.default\">\n\t\t\t\t<div class=\"elementor-widget-container\">\n\t\t\t\t\t\t\t\t\t\t\t<a href=\"https:\/\/advocaatreulens.be\/fr\/\">\n\t\t\t<img decoding=\"async\" src=\"https:\/\/advocaatreulens.be\/wp-content\/uploads\/2023\/03\/advocaat-reulens-martine-logo.svg\" class=\"attachment-full size-full wp-image-5278\" alt=\"Advocaat Reulens\" \/>\t\t\t\t<\/a>\n\t\t\t\t\t\t\t\t\t\t\t<\/div>\n\t\t\t\t<\/div>\n\t\t\t\t\t<\/div>\n\t\t<\/div>\n\t\t\t\t\t<\/div>\n\t\t<\/section>\n\t\t\t\t<section class=\"elementor-section elementor-top-section elementor-element elementor-element-f04161e elementor-section-height-full elementor-section-boxed elementor-section-height-default elementor-section-items-middle\" data-id=\"f04161e\" data-element_type=\"section\" data-e-type=\"section\" data-settings=\"{&quot;background_background&quot;:&quot;classic&quot;}\">\n\t\t\t\t\t\t<div class=\"elementor-container elementor-column-gap-default\">\n\t\t\t\t\t<div class=\"elementor-column elementor-col-100 elementor-top-column elementor-element elementor-element-ba43959\" data-id=\"ba43959\" data-element_type=\"column\" data-e-type=\"column\">\n\t\t\t<div class=\"elementor-widget-wrap elementor-element-populated\">\n\t\t\t\t\t\t<div class=\"elementor-element elementor-element-fc79f96 elementor-widget__width-initial elementor-vertical-align-top elementor-widget elementor-widget-image-box\" data-id=\"fc79f96\" data-element_type=\"widget\" data-e-type=\"widget\" data-widget_type=\"image-box.default\">\n\t\t\t\t<div class=\"elementor-widget-container\">\n\t\t\t\t\t<div class=\"elementor-image-box-wrapper\"><div class=\"elementor-image-box-content\"><h3 class=\"elementor-image-box-title\">ASSISTANCE JURIDIQUE<\/h3><p class=\"elementor-image-box-description\">pour les entreprises, les particuliers \net les ind\u00e9pendants. <\/p><\/div><\/div>\t\t\t\t<\/div>\n\t\t\t\t<\/div>\n\t\t\t\t<div class=\"elementor-element elementor-element-a314a7c elementor-widget elementor-widget-spacer\" data-id=\"a314a7c\" data-element_type=\"widget\" data-e-type=\"widget\" data-widget_type=\"spacer.default\">\n\t\t\t\t<div class=\"elementor-widget-container\">\n\t\t\t\t\t\t\t<div class=\"elementor-spacer\">\n\t\t\t<div class=\"elementor-spacer-inner\"><\/div>\n\t\t<\/div>\n\t\t\t\t\t\t<\/div>\n\t\t\t\t<\/div>\n\t\t\t\t<div class=\"elementor-element elementor-element-b155abd elementor-align-center elementor-widescreen-align-center elementor-mobile-align-center meet_btn btn2 center elementor-widget elementor-widget-button\" data-id=\"b155abd\" data-element_type=\"widget\" data-e-type=\"widget\" data-widget_type=\"button.default\">\n\t\t\t\t<div class=\"elementor-widget-container\">\n\t\t\t\t\t\t\t\t\t<div class=\"elementor-button-wrapper\">\n\t\t\t\t\t<a class=\"elementor-button elementor-button-link elementor-size-sm\" href=\"https:\/\/calendar.app.google\/rjAA1JGzQyZfdHm37\" target=\"_blank\">\n\t\t\t\t\t\t<span class=\"elementor-button-content-wrapper\">\n\t\t\t\t\t\t\t\t\t<span class=\"elementor-button-text\">LET'S MEET <span class=\"btn-hover-lets-meet\">Planitiez Votre <br>Consultation Gratuite<span><\/span>\n\t\t\t\t\t<\/span>\n\t\t\t\t\t<\/a>\n\t\t\t\t<\/div>\n\t\t\t\t\t\t\t\t<\/div>\n\t\t\t\t<\/div>\n\t\t\t\t\t<\/div>\n\t\t<\/div>\n\t\t\t\t\t<\/div>\n\t\t<\/section>\n\t\t\t\t<section class=\"elementor-section elementor-top-section elementor-element elementor-element-1b7cab5 elementor-section-boxed elementor-section-height-default elementor-section-height-default\" data-id=\"1b7cab5\" data-element_type=\"section\" data-e-type=\"section\" data-settings=\"{&quot;background_background&quot;:&quot;classic&quot;}\">\n\t\t\t\t\t\t<div class=\"elementor-container elementor-column-gap-default\">\n\t\t\t\t\t<div class=\"elementor-column elementor-col-100 elementor-top-column elementor-element elementor-element-89e7e32\" data-id=\"89e7e32\" data-element_type=\"column\" data-e-type=\"column\">\n\t\t\t<div class=\"elementor-widget-wrap elementor-element-populated\">\n\t\t\t\t\t\t<div class=\"elementor-element elementor-element-0e6b673 elementor-widget elementor-widget-heading\" data-id=\"0e6b673\" data-element_type=\"widget\" data-e-type=\"widget\" data-widget_type=\"heading.default\">\n\t\t\t\t<div class=\"elementor-widget-container\">\n\t\t\t\t\t<h2 class=\"elementor-heading-title elementor-size-default\">My office, your office, par t\u00e9l\u00e9phone ou appel vid\u00e9o<\/h2>\t\t\t\t<\/div>\n\t\t\t\t<\/div>\n\t\t\t\t<div class=\"elementor-element elementor-element-d8603ab elementor-widget elementor-widget-text-editor\" data-id=\"d8603ab\" data-element_type=\"widget\" data-e-type=\"widget\" data-widget_type=\"text-editor.default\">\n\t\t\t\t<div class=\"elementor-widget-container\">\n\t\t\t\t\t\t\t\t\t<p>Je suis d\u00e9j\u00e0 impatiente de faire votre connaissance<br \/>et pr\u00eate \u00e0 prendre le temps de discuter de vos besoins juridiques.<\/p>\t\t\t\t\t\t\t\t<\/div>\n\t\t\t\t<\/div>\n\t\t\t\t\t<\/div>\n\t\t<\/div>\n\t\t\t\t\t<\/div>\n\t\t<\/section>\n\t\t\t\t<section class=\"elementor-section elementor-top-section elementor-element elementor-element-0aff99c elementor-section-boxed elementor-section-height-default elementor-section-height-default\" data-id=\"0aff99c\" data-element_type=\"section\" data-e-type=\"section\" data-settings=\"{&quot;background_background&quot;:&quot;classic&quot;}\">\n\t\t\t\t\t\t<div class=\"elementor-container elementor-column-gap-default\">\n\t\t\t\t\t<div class=\"elementor-column elementor-col-100 elementor-top-column elementor-element elementor-element-9ff3234\" data-id=\"9ff3234\" data-element_type=\"column\" data-e-type=\"column\">\n\t\t\t<div class=\"elementor-widget-wrap elementor-element-populated\">\n\t\t\t\t\t\t<div class=\"elementor-element elementor-element-3f89af5 elementor-widget elementor-widget-heading\" data-id=\"3f89af5\" data-element_type=\"widget\" data-e-type=\"widget\" data-widget_type=\"heading.default\">\n\t\t\t\t<div class=\"elementor-widget-container\">\n\t\t\t\t\t<h2 class=\"elementor-heading-title elementor-size-default\">LE PREMIER ENTRETIEN DE CONSEIL EST TOTALEMENT GRATUIT ET SANS ENGAGEMENT.<\/h2>\t\t\t\t<\/div>\n\t\t\t\t<\/div>\n\t\t\t\t<section class=\"elementor-section elementor-inner-section elementor-element elementor-element-52e61de elementor-section-boxed elementor-section-height-default elementor-section-height-default\" data-id=\"52e61de\" data-element_type=\"section\" data-e-type=\"section\" data-settings=\"{&quot;background_background&quot;:&quot;classic&quot;}\">\n\t\t\t\t\t\t<div class=\"elementor-container elementor-column-gap-default\">\n\t\t\t\t\t<div class=\"elementor-column elementor-col-100 elementor-inner-column elementor-element elementor-element-8d765dc\" data-id=\"8d765dc\" data-element_type=\"column\" data-e-type=\"column\">\n\t\t\t<div class=\"elementor-widget-wrap elementor-element-populated\">\n\t\t\t\t\t\t<div class=\"elementor-element elementor-element-262a8ff elementor-widget elementor-widget-html\" data-id=\"262a8ff\" data-element_type=\"widget\" data-e-type=\"widget\" data-widget_type=\"html.default\">\n\t\t\t\t<div class=\"elementor-widget-container\">\n\t\t\t\t\t<!-- Google Calendar Appointment Scheduling begin -->\r\n<iframe src=\"https:\/\/calendar.google.com\/calendar\/appointments\/schedules\/AcZssZ1qAOChBSCctEb6imGtWMZdBRX2AowiskbgLzvcnmY96Dhc9AzjJPmr7QuI-uhNSNL52NQObHt7?gv=true\" style=\"border: 0\" width=\"100%\" height=\"600\" frameborder=\"0\"><\/iframe>\r\n<!-- end Google Calendar Appointment Scheduling -->\t\t\t\t<\/div>\n\t\t\t\t<\/div>\n\t\t\t\t\t<\/div>\n\t\t<\/div>\n\t\t\t\t\t<\/div>\n\t\t<\/section>\n\t\t\t\t<div class=\"elementor-element elementor-element-f8f84aa elementor-widget elementor-widget-text-editor\" data-id=\"f8f84aa\" data-element_type=\"widget\" data-e-type=\"widget\" data-widget_type=\"text-editor.default\">\n\t\t\t\t<div class=\"elementor-widget-container\">\n\t\t\t\t\t\t\t\t\t<p>Traitement de vos donn\u00e9es conform\u00e9ment \u00e0 notre politique de confidentialit\u00e9.<\/p>\t\t\t\t\t\t\t\t<\/div>\n\t\t\t\t<\/div>\n\t\t\t\t\t<\/div>\n\t\t<\/div>\n\t\t\t\t\t<\/div>\n\t\t<\/section>\n\t\t\t\t<\/div>\n\t\t","protected":false},"excerpt":{"rendered":"<p>ASSISTANCE JURIDIQUE pour les entreprises, les particuliers et les ind\u00e9pendants. LET&rsquo;S MEET Planitiez Votre Consultation Gratuite My office, your office, par t\u00e9l\u00e9phone ou appel vid\u00e9o Je suis d\u00e9j\u00e0 impatiente de faire votre connaissanceet pr\u00eate \u00e0 prendre le temps de discuter de vos besoins juridiques. LE PREMIER ENTRETIEN DE CONSEIL EST TOTALEMENT GRATUIT ET SANS ENGAGEMENT. [&hellip;]<\/p>\n","protected":false},"author":1,"featured_media":0,"parent":0,"menu_order":0,"comment_status":"closed","ping_status":"closed","template":"elementor_header_footer","meta":{"footnotes":""},"class_list":["post-6331","page","type-page","status-publish","hentry","entry"],"yoast_head":"<!-- This site is optimized with the Yoast SEO plugin v27.5 - https:\/\/yoast.com\/product\/yoast-seo-wordpress\/ -->\n<title>Assistance juridique pour les entreprises, les particuliers et les ind\u00e9pendants - Advocaat Reulens<\/title>\n<meta name=\"robots\" content=\"index, follow, max-snippet:-1, max-image-preview:large, max-video-preview:-1\" \/>\n<link rel=\"canonical\" href=\"https:\/\/advocaatreulens.be\/fr\/assistance-juridique-pour-les-entreprises-les-particuliers-et-les-independants\/\" \/>\n<meta property=\"og:locale\" content=\"fr_FR\" \/>\n<meta property=\"og:type\" content=\"article\" \/>\n<meta property=\"og:title\" content=\"Assistance juridique pour les entreprises, les particuliers et les ind\u00e9pendants - Advocaat Reulens\" \/>\n<meta property=\"og:description\" content=\"ASSISTANCE JURIDIQUE pour les entreprises, les particuliers et les ind\u00e9pendants. LET&rsquo;S MEET Planitiez Votre Consultation Gratuite My office, your office, par t\u00e9l\u00e9phone ou appel vid\u00e9o Je suis d\u00e9j\u00e0 impatiente de faire votre connaissanceet pr\u00eate \u00e0 prendre le temps de discuter de vos besoins juridiques. LE PREMIER ENTRETIEN DE CONSEIL EST TOTALEMENT GRATUIT ET SANS ENGAGEMENT. [&hellip;]\" \/>\n<meta property=\"og:url\" content=\"https:\/\/advocaatreulens.be\/fr\/assistance-juridique-pour-les-entreprises-les-particuliers-et-les-independants\/\" \/>\n<meta property=\"og:site_name\" content=\"Advocaat Reulens\" \/>\n<meta property=\"article:modified_time\" content=\"2023-05-31T15:00:48+00:00\" \/>\n<meta name=\"twitter:card\" content=\"summary_large_image\" \/>\n<meta name=\"twitter:label1\" content=\"Dur\u00e9e de lecture estim\u00e9e\" \/>\n\t<meta name=\"twitter:data1\" content=\"1 minute\" \/>\n<script type=\"application\/ld+json\" class=\"yoast-schema-graph\">{\"@context\":\"https:\\\/\\\/schema.org\",\"@graph\":[{\"@type\":\"WebPage\",\"@id\":\"https:\\\/\\\/advocaatreulens.be\\\/fr\\\/assistance-juridique-pour-les-entreprises-les-particuliers-et-les-independants\\\/\",\"url\":\"https:\\\/\\\/advocaatreulens.be\\\/fr\\\/assistance-juridique-pour-les-entreprises-les-particuliers-et-les-independants\\\/\",\"name\":\"Assistance juridique pour les entreprises, les particuliers et les ind\u00e9pendants - Advocaat Reulens\",\"isPartOf\":{\"@id\":\"https:\\\/\\\/13.39.96.236\\\/#website\"},\"datePublished\":\"2023-05-30T10:39:32+00:00\",\"dateModified\":\"2023-05-31T15:00:48+00:00\",\"breadcrumb\":{\"@id\":\"https:\\\/\\\/advocaatreulens.be\\\/fr\\\/assistance-juridique-pour-les-entreprises-les-particuliers-et-les-independants\\\/#breadcrumb\"},\"inLanguage\":\"fr-FR\",\"potentialAction\":[{\"@type\":\"ReadAction\",\"target\":[\"https:\\\/\\\/advocaatreulens.be\\\/fr\\\/assistance-juridique-pour-les-entreprises-les-particuliers-et-les-independants\\\/\"]}]},{\"@type\":\"BreadcrumbList\",\"@id\":\"https:\\\/\\\/advocaatreulens.be\\\/fr\\\/assistance-juridique-pour-les-entreprises-les-particuliers-et-les-independants\\\/#breadcrumb\",\"itemListElement\":[{\"@type\":\"ListItem\",\"position\":1,\"name\":\"Home\",\"item\":\"https:\\\/\\\/advocaatreulens.be\\\/fr\\\/\"},{\"@type\":\"ListItem\",\"position\":2,\"name\":\"Assistance juridique pour les entreprises, les particuliers et les ind\u00e9pendants\"}]},{\"@type\":\"WebSite\",\"@id\":\"https:\\\/\\\/13.39.96.236\\\/#website\",\"url\":\"https:\\\/\\\/13.39.96.236\\\/\",\"name\":\"Advocaat Reulens\",\"description\":\"Legal Guidance in Corporate Governance\",\"publisher\":{\"@id\":\"https:\\\/\\\/13.39.96.236\\\/#organization\"},\"potentialAction\":[{\"@type\":\"SearchAction\",\"target\":{\"@type\":\"EntryPoint\",\"urlTemplate\":\"https:\\\/\\\/13.39.96.236\\\/?s={search_term_string}\"},\"query-input\":{\"@type\":\"PropertyValueSpecification\",\"valueRequired\":true,\"valueName\":\"search_term_string\"}}],\"inLanguage\":\"fr-FR\"},{\"@type\":\"Organization\",\"@id\":\"https:\\\/\\\/13.39.96.236\\\/#organization\",\"name\":\"Advocaat Reulens\",\"url\":\"https:\\\/\\\/13.39.96.236\\\/\",\"logo\":{\"@type\":\"ImageObject\",\"inLanguage\":\"fr-FR\",\"@id\":\"https:\\\/\\\/13.39.96.236\\\/#\\\/schema\\\/logo\\\/image\\\/\",\"url\":\"https:\\\/\\\/advocaatreulens.be\\\/wp-content\\\/uploads\\\/2023\\\/03\\\/advocaat-reulens-martine-logo.svg\",\"contentUrl\":\"https:\\\/\\\/advocaatreulens.be\\\/wp-content\\\/uploads\\\/2023\\\/03\\\/advocaat-reulens-martine-logo.svg\",\"caption\":\"Advocaat Reulens\"},\"image\":{\"@id\":\"https:\\\/\\\/13.39.96.236\\\/#\\\/schema\\\/logo\\\/image\\\/\"}}]}<\/script>\n<!-- \/ Yoast SEO plugin. -->","yoast_head_json":{"title":"Assistance juridique pour les entreprises, les particuliers et les ind\u00e9pendants - Advocaat Reulens","robots":{"index":"index","follow":"follow","max-snippet":"max-snippet:-1","max-image-preview":"max-image-preview:large","max-video-preview":"max-video-preview:-1"},"canonical":"https:\/\/advocaatreulens.be\/fr\/assistance-juridique-pour-les-entreprises-les-particuliers-et-les-independants\/","og_locale":"fr_FR","og_type":"article","og_title":"Assistance juridique pour les entreprises, les particuliers et les ind\u00e9pendants - Advocaat Reulens","og_description":"ASSISTANCE JURIDIQUE pour les entreprises, les particuliers et les ind\u00e9pendants. LET&rsquo;S MEET Planitiez Votre Consultation Gratuite My office, your office, par t\u00e9l\u00e9phone ou appel vid\u00e9o Je suis d\u00e9j\u00e0 impatiente de faire votre connaissanceet pr\u00eate \u00e0 prendre le temps de discuter de vos besoins juridiques. LE PREMIER ENTRETIEN DE CONSEIL EST TOTALEMENT GRATUIT ET SANS ENGAGEMENT. [&hellip;]","og_url":"https:\/\/advocaatreulens.be\/fr\/assistance-juridique-pour-les-entreprises-les-particuliers-et-les-independants\/","og_site_name":"Advocaat Reulens","article_modified_time":"2023-05-31T15:00:48+00:00","twitter_card":"summary_large_image","twitter_misc":{"Dur\u00e9e de lecture estim\u00e9e":"1 minute"},"schema":{"@context":"https:\/\/schema.org","@graph":[{"@type":"WebPage","@id":"https:\/\/advocaatreulens.be\/fr\/assistance-juridique-pour-les-entreprises-les-particuliers-et-les-independants\/","url":"https:\/\/advocaatreulens.be\/fr\/assistance-juridique-pour-les-entreprises-les-particuliers-et-les-independants\/","name":"Assistance juridique pour les entreprises, les particuliers et les ind\u00e9pendants - Advocaat Reulens","isPartOf":{"@id":"https:\/\/13.39.96.236\/#website"},"datePublished":"2023-05-30T10:39:32+00:00","dateModified":"2023-05-31T15:00:48+00:00","breadcrumb":{"@id":"https:\/\/advocaatreulens.be\/fr\/assistance-juridique-pour-les-entreprises-les-particuliers-et-les-independants\/#breadcrumb"},"inLanguage":"fr-FR","potentialAction":[{"@type":"ReadAction","target":["https:\/\/advocaatreulens.be\/fr\/assistance-juridique-pour-les-entreprises-les-particuliers-et-les-independants\/"]}]},{"@type":"BreadcrumbList","@id":"https:\/\/advocaatreulens.be\/fr\/assistance-juridique-pour-les-entreprises-les-particuliers-et-les-independants\/#breadcrumb","itemListElement":[{"@type":"ListItem","position":1,"name":"Home","item":"https:\/\/advocaatreulens.be\/fr\/"},{"@type":"ListItem","position":2,"name":"Assistance juridique pour les entreprises, les particuliers et les ind\u00e9pendants"}]},{"@type":"WebSite","@id":"https:\/\/13.39.96.236\/#website","url":"https:\/\/13.39.96.236\/","name":"Advocaat Reulens","description":"Legal Guidance in Corporate Governance","publisher":{"@id":"https:\/\/13.39.96.236\/#organization"},"potentialAction":[{"@type":"SearchAction","target":{"@type":"EntryPoint","urlTemplate":"https:\/\/13.39.96.236\/?s={search_term_string}"},"query-input":{"@type":"PropertyValueSpecification","valueRequired":true,"valueName":"search_term_string"}}],"inLanguage":"fr-FR"},{"@type":"Organization","@id":"https:\/\/13.39.96.236\/#organization","name":"Advocaat Reulens","url":"https:\/\/13.39.96.236\/","logo":{"@type":"ImageObject","inLanguage":"fr-FR","@id":"https:\/\/13.39.96.236\/#\/schema\/logo\/image\/","url":"https:\/\/advocaatreulens.be\/wp-content\/uploads\/2023\/03\/advocaat-reulens-martine-logo.svg","contentUrl":"https:\/\/advocaatreulens.be\/wp-content\/uploads\/2023\/03\/advocaat-reulens-martine-logo.svg","caption":"Advocaat Reulens"},"image":{"@id":"https:\/\/13.39.96.236\/#\/schema\/logo\/image\/"}}]}},"_links":{"self":[{"href":"https:\/\/advocaatreulens.be\/fr\/wp-json\/wp\/v2\/pages\/6331","targetHints":{"allow":["GET"]}}],"collection":[{"href":"https:\/\/advocaatreulens.be\/fr\/wp-json\/wp\/v2\/pages"}],"about":[{"href":"https:\/\/advocaatreulens.be\/fr\/wp-json\/wp\/v2\/types\/page"}],"author":[{"embeddable":true,"href":"https:\/\/advocaatreulens.be\/fr\/wp-json\/wp\/v2\/users\/1"}],"replies":[{"embeddable":true,"href":"https:\/\/advocaatreulens.be\/fr\/wp-json\/wp\/v2\/comments?post=6331"}],"version-history":[{"count":16,"href":"https:\/\/advocaatreulens.be\/fr\/wp-json\/wp\/v2\/pages\/6331\/revisions"}],"predecessor-version":[{"id":6377,"href":"https:\/\/advocaatreulens.be\/fr\/wp-json\/wp\/v2\/pages\/6331\/revisions\/6377"}],"wp:attachment":[{"href":"https:\/\/advocaatreulens.be\/fr\/wp-json\/wp\/v2\/media?parent=6331"}],"curies":[{"name":"wp","href":"https:\/\/api.w.org\/{rel}","templated":true}]}}