{"id":2415,"date":"2023-03-25T11:37:04","date_gmt":"2023-03-25T11:37:04","guid":{"rendered":"https:\/\/advocaatreulens.be\/privacyverklaring\/"},"modified":"2023-05-25T18:13:12","modified_gmt":"2023-05-25T18:13:12","slug":"declaration-de-confidentialite","status":"publish","type":"page","link":"https:\/\/advocaatreulens.be\/fr\/declaration-de-confidentialite\/","title":{"rendered":"D\u00e9claration de confidentialit\u00e9"},"content":{"rendered":"\t\t<div data-elementor-type=\"wp-page\" data-elementor-id=\"2415\" class=\"elementor elementor-2415 elementor-3\" data-elementor-post-type=\"page\">\n\t\t\t\t\t\t<section class=\"elementor-section elementor-top-section elementor-element elementor-element-3ab7577 elementor-section-boxed elementor-section-height-default elementor-section-height-default\" data-id=\"3ab7577\" data-element_type=\"section\" data-e-type=\"section\" data-settings=\"{&quot;background_background&quot;:&quot;classic&quot;}\">\n\t\t\t\t\t\t<div class=\"elementor-container elementor-column-gap-no\">\n\t\t\t\t\t<div class=\"elementor-column elementor-col-100 elementor-top-column elementor-element elementor-element-246b5fa\" data-id=\"246b5fa\" data-element_type=\"column\" data-e-type=\"column\">\n\t\t\t<div class=\"elementor-widget-wrap elementor-element-populated\">\n\t\t\t\t\t\t<section class=\"elementor-section elementor-inner-section elementor-element elementor-element-a864156 elementor-section-full_width elementor-section-height-default elementor-section-height-default\" data-id=\"a864156\" data-element_type=\"section\" data-e-type=\"section\" data-settings=\"{&quot;background_background&quot;:&quot;classic&quot;}\">\n\t\t\t\t\t\t<div class=\"elementor-container elementor-column-gap-no\">\n\t\t\t\t\t<div class=\"elementor-column elementor-col-33 elementor-inner-column elementor-element elementor-element-8686f21\" data-id=\"8686f21\" data-element_type=\"column\" data-e-type=\"column\" data-settings=\"{&quot;background_background&quot;:&quot;classic&quot;}\">\n\t\t\t<div class=\"elementor-widget-wrap elementor-element-populated\">\n\t\t\t\t\t\t<div class=\"elementor-element elementor-element-1c85486 elementor-widget elementor-widget-spacer\" data-id=\"1c85486\" data-element_type=\"widget\" data-e-type=\"widget\" data-widget_type=\"spacer.default\">\n\t\t\t\t<div class=\"elementor-widget-container\">\n\t\t\t\t\t\t\t<div class=\"elementor-spacer\">\n\t\t\t<div class=\"elementor-spacer-inner\"><\/div>\n\t\t<\/div>\n\t\t\t\t\t\t<\/div>\n\t\t\t\t<\/div>\n\t\t\t\t<div class=\"elementor-element elementor-element-1d02050 elementor-widget elementor-widget-heading\" data-id=\"1d02050\" data-element_type=\"widget\" data-e-type=\"widget\" data-widget_type=\"heading.default\">\n\t\t\t\t<div class=\"elementor-widget-container\">\n\t\t\t\t\t<h2 class=\"elementor-heading-title elementor-size-default\">D\u00e9claration de \nconfidentialit\u00e9<\/h2>\t\t\t\t<\/div>\n\t\t\t\t<\/div>\n\t\t\t\t\t<\/div>\n\t\t<\/div>\n\t\t\t\t<div class=\"elementor-column elementor-col-33 elementor-inner-column elementor-element elementor-element-59922cb\" data-id=\"59922cb\" data-element_type=\"column\" data-e-type=\"column\">\n\t\t\t<div class=\"elementor-widget-wrap\">\n\t\t\t\t\t\t\t<\/div>\n\t\t<\/div>\n\t\t\t\t<div class=\"elementor-column elementor-col-33 elementor-inner-column elementor-element elementor-element-c53fe50\" data-id=\"c53fe50\" data-element_type=\"column\" data-e-type=\"column\">\n\t\t\t<div class=\"elementor-widget-wrap\">\n\t\t\t\t\t\t\t<\/div>\n\t\t<\/div>\n\t\t\t\t\t<\/div>\n\t\t<\/section>\n\t\t\t\t\t<\/div>\n\t\t<\/div>\n\t\t\t\t\t<\/div>\n\t\t<\/section>\n\t\t\t\t<section class=\"elementor-section elementor-top-section elementor-element elementor-element-ace2ba5 elementor-section-boxed elementor-section-height-default elementor-section-height-default\" data-id=\"ace2ba5\" data-element_type=\"section\" data-e-type=\"section\" data-settings=\"{&quot;background_background&quot;:&quot;classic&quot;}\">\n\t\t\t\t\t\t<div class=\"elementor-container elementor-column-gap-default\">\n\t\t\t\t\t<div class=\"elementor-column elementor-col-100 elementor-top-column elementor-element elementor-element-6bb3c50\" data-id=\"6bb3c50\" data-element_type=\"column\" data-e-type=\"column\">\n\t\t\t<div class=\"elementor-widget-wrap elementor-element-populated\">\n\t\t\t\t\t\t<div class=\"elementor-element elementor-element-64254b4 elementor-widget elementor-widget-text-editor\" data-id=\"64254b4\" data-element_type=\"widget\" data-e-type=\"widget\" data-widget_type=\"text-editor.default\">\n\t\t\t\t<div class=\"elementor-widget-container\">\n\t\t\t\t\t\t\t\t\t<p>Nous nous engageons \u00e0 assurer la protection de votre vie priv\u00e9e.<\/p><p>Par cette d\u00e9claration nous souhaitons vous informer au mieux de la mani\u00e8re dont nous collectons, traitons et prot\u00e9geons vous donn\u00e9es \u00e0 caract\u00e8re personnel conform\u00e9ment le r\u00e8glement g\u00e9n\u00e9ral sur la protection des donn\u00e9es et la l\u00e9gislation belge sur la protection de la vie priv\u00e9e.<\/p><p><span style=\"text-decoration: underline;\"><strong>Responsable du traitement des donn\u00e9es.<\/strong><\/span><\/p><p>Martine Reulens agit en qualit\u00e9 de responsable du traitement des donn\u00e9es.<\/p><p>Si vous avez des questions sur la pr\u00e9sente politique de confidentialit\u00e9 ou si vous souhaitez exercer les droits qui y sont \u00e9nonc\u00e9s, veuillez nous contacter \u00e0 l&rsquo;adresse suivante :<\/p><p>Donn\u00e9es de contact :<br \/>Martine Reulens<br \/>Zevenbronnenstraat 100<br \/>1653 Dworp<br \/>Tel : +32 2 305 91 68<br \/><span style=\"text-decoration: underline;\"><span style=\"color: #ffffff;\"><a style=\"color: #ffffff; text-decoration: underline;\" href=\"mailto:martine@advocaatreulens.be\">martine@advocaatreulens.be<\/a><\/span><\/span><\/p><p><span style=\"text-decoration: underline;\"><strong>Donn\u00e9es personnelles que nous traitons<\/strong><\/span><\/p><p>En tant qu\u2019avocat nous collectons et traitons les donn\u00e9es suivantes :<\/p><ul><li>les donn\u00e9es d\u2019identification : nom, pr\u00e9nom, adresse, t\u00e9l\u00e9phone, date et lieu de naissance, sexe, nationalit\u00e9, num\u00e9ro de registre national,langue,\u2026<\/li><li>les donn\u00e9es familiales : \u00e9tat civil, composition de m\u00e9nage,..<\/li><li>les donn\u00e9es relatives \u00e0 l\u2019exp\u00e9riences professionnelle : profession, num\u00e9ro de TVA, num\u00e9ro d\u2019entreprise,..<\/li><li>les donn\u00e9es financi\u00e8res : compte(s) bancaire(s),<\/li><li>autres donn\u00e9es personnelles que vous fournissez activement<\/li><\/ul><p>Il est possible que nous devons collecter d\u2019autres donn\u00e9es personnelles en rapport avec l&rsquo;affaire pour laquelle vous nous avez sollicit\u00e9s, telles que des informations financi\u00e8res et comptables, des donn\u00e9es sur votre sant\u00e9 ou des donn\u00e9es relatives \u00e0 des proc\u00e9dures civiles et p\u00e9nales.<\/p><p>Vos donn\u00e9es seront uniquement trait\u00e9es pour assurer la d\u00e9fense de vos int\u00e9r\u00eats et une gestion optimale de votre dossier, dans les limites de ce qui est n\u00e9cessaire \u00e0 l\u2019ex\u00e9cution du contrat de service auquel l\u2019avocat et le client sont parties.<\/p><p><span style=\"text-decoration: underline;\"><strong>La finalit\u00e9 pour laquelle nous utilisons vos donn\u00e9es personnelles et la base juridique pour le traitement de ces donn\u00e9es<\/strong><\/span><\/p><p>Nous collectons des donn\u00e9es \u00e0 caract\u00e8re personnel pour vous fournir nos services et pour nous conformer \u00e0 nos obligations l\u00e9gales. Par exemple, nous pouvons utiliser vos donn\u00e9es personnelles pour vous fournir des conseils juridiques, pour vous repr\u00e9senter dans une proc\u00e9dure judiciaire, pour vous facturer nos services et pour nous conformer \u00e0 des obligations l\u00e9gales telles que la tenue d&rsquo;un registre de clients.<\/p><p>Il existe notamment diff\u00e9rentes bases juridiques sur lesquelles un avocat peut se fonder pour traiter des donn\u00e9es \u00e0 caract\u00e8re personnel :<\/p><ul><li><span style=\"text-decoration: underline;\">Le consentement :<\/span> la personne concern\u00e9e a donn\u00e9 son consentement explicite pour que l&rsquo;avocat traite ses donn\u00e9es \u00e0 caract\u00e8re personnel.<\/li><li><span style=\"text-decoration: underline;\">La relation contractuelle<\/span> : le traitement des donn\u00e9es \u00e0 caract\u00e8re personnel est n\u00e9cessaire \u00e0 l&rsquo;ex\u00e9cution d&rsquo;un contrat avec la personne concern\u00e9e ou \u00e0 la prise de mesures pr\u00e9contractuelles \u00e0 la demande de la personne concern\u00e9e.<\/li><li><span style=\"text-decoration: underline;\">L\u2019 obligation l\u00e9gale<\/span>: l&rsquo;avocat est l\u00e9galement tenu de traiter les donn\u00e9es \u00e0 caract\u00e8re personnel, par exemple \u00e0 des fins fiscales ou dans le cadre d&rsquo;une proc\u00e9dure judiciaire.<\/li><li><span style=\"text-decoration: underline;\">L\u2019int\u00e9r\u00eat l\u00e9gitime<\/span>: cela signifie que le traitement de donn\u00e9es \u00e0 caract\u00e8re personnel peut \u00eatre justifi\u00e9 s&rsquo;il est n\u00e9cessaire pour la protection des int\u00e9r\u00eats l\u00e9gitimes du responsable du traitement ou d&rsquo;un tiers.<br \/>Un int\u00e9r\u00eat l\u00e9gitime peut consister en :<\/li><\/ul><ol style=\"margin-left: 50px;\"><li>l&rsquo;am\u00e9lioration de la qualit\u00e9 du service,<\/li><li>la protection de la propri\u00e9t\u00e9, de la s\u00e9curit\u00e9 ou des droits du responsable du traitement ou d&rsquo;un tiers,<\/li><li>la pr\u00e9vention de la fraude ou de l&rsquo;abus,<\/li><li>le traitement des donn\u00e9es personnelles \u00e0 des fins de marketing direct, sauf si la personne concern\u00e9e s&rsquo;y oppose.<\/li><\/ol><ul><li>L\u2019int\u00e9r\u00eat g\u00e9n\u00e9ral : Les donn\u00e9es \u00e0 caract\u00e8re personnel de tiers sont trait\u00e9es lorsque cela est n\u00e9cessaire pour l&rsquo;ex\u00e9cution d&rsquo;une mission d&rsquo;int\u00e9r\u00eat g\u00e9n\u00e9ral (assistance des avocats en justice ou en dehors).<br \/>Les finalit\u00e9s de traitement de vos donn\u00e9es \u00e0 caract\u00e8re personnel seront diff\u00e9rentes en fonction de la relation que nous avons.<\/li><\/ul><p><span style=\"text-decoration: underline;\"><strong>Avec qui partageons nous vos donn\u00e9es \u00e0 caract\u00e8re personnel ?<\/strong><\/span><\/p><p>En tant qu&rsquo;avocats, nous avons l&rsquo;obligation l\u00e9gale de prot\u00e9ger la confidentialit\u00e9 des informations que nous recevons de nos clients et sommes tenus au secret professionnel. Nous ne partageons vos donn\u00e9es personnelles avec des tiers que si cela est indispensable pour l&rsquo;ex\u00e9cution de nos services ou si nous y sommes contraints par la loi.<\/p><p>Dans le cadre de la prestation de nos services nous pouvons \u00eatre amen\u00e9s \u00e0 partager vos donn\u00e9es \u00e0 caract\u00e8re personnel avec des tiers appel\u00e9s \u00ab destinataires \u00bb.<\/p><p>Ces destinataires comprennent notamment : les autorit\u00e9s judiciaires, les autorit\u00e9s gouvernementales, , des soci\u00e9t\u00e9s et particuliers, des parties tierce \u00e0 une proc\u00e9dure judiciaire et leurs conseil, des avocats, des huissiers, des notaires, des experts, des auditeurs, des comptables,des fournisseurs de syst\u00e8mes IT, des traducteurs, le secr\u00e9tariat social et autres prestataires de service externe.<\/p><p><span style=\"text-decoration: underline;\"><strong>Comment prot\u00e9geons-nous vos donn\u00e9es \u00e0 caract\u00e8re personnel?<\/strong><\/span><\/p><p>Nous prenons des mesures techniques et organisationnelles appropri\u00e9es pour prot\u00e9ger les donn\u00e9es \u00e0 caract\u00e8re personnel contre tout acc\u00e8s, utilisation, perte ou vol non autoris\u00e9(e). Par exemple, nous utilisons des serveurs s\u00e9curis\u00e9s, des pare-feux et le cryptage pour prot\u00e9ger vos donn\u00e9es. Nos employ\u00e9s sont form\u00e9s pour traiter les donn\u00e9es \u00e0 caract\u00e8re personnel de mani\u00e8re confidentielle et n&rsquo;ont acc\u00e8s qu&rsquo;aux donn\u00e9es personnelles n\u00e9cessaires \u00e0 l&rsquo;exercice de leurs fonctions.<\/p><p><span style=\"text-decoration: underline;\"><strong>Pendant combien de temps conservons-nous les donn\u00e9es \u00e0 caract\u00e8re personnel?<\/strong><\/span><\/p><p>Nous ne conserverons pas vos donn\u00e9es \u00e0 caract\u00e8re personnel plus longtemps que n\u00e9cessaire pour la r\u00e9alisation des finalit\u00e9s pour lesquelles nous les avons recueillis sauf si la loi nous y oblige. Au-del\u00e0 de ce d\u00e9lai, vos donn\u00e9es seront d\u00e9truites ou anonymis\u00e9es.<\/p><p>Pendant la dur\u00e9e de conservation nous mettons tout en \u0153uvre pour s\u00e9curiser vos donn\u00e9es \u00e0 caract\u00e8re personnel de mani\u00e8re optimale. Vos donn\u00e9es ne seront g\u00e9r\u00e9es que passivement et ne pourront donc plus \u00eatre utilis\u00e9es \u00e0 d&rsquo;autres fins.<\/p><p><span style=\"text-decoration: underline;\"><strong>Quels sont vos droits ?<\/strong><\/span><\/p><p>Nous accordons une attention particuli\u00e8re aux droits dont vous disposez en qualit\u00e9 de personnes concern\u00e9es :<\/p><ol><li><span style=\"text-decoration: underline;\">Le droit d\u2019\u00eatre inform\u00e9<\/span> : Vous avez le droit de savoir quelles donn\u00e9es \u00e0 caract\u00e8re personnel vous concernant sont collect\u00e9es et trait\u00e9es, dans quel but elles sont collect\u00e9es, qui en est le destinataire et pendant combien de temps elles sont conserv\u00e9es.<\/li><li><span style=\"text-decoration: underline;\">Le droit d\u2019acc\u00e8s<\/span> : Vous avez le droit de consulter vos donn\u00e9es \u00e0 caract\u00e8re personnel et d&rsquo;obtenir une copie des donn\u00e9es vous concernant qui sont trait\u00e9es.<\/li><li><span style=\"text-decoration: underline;\">Le droit de rectification<\/span> : Si vous estimez que vos donn\u00e9es \u00e0 caract\u00e8re personnel sont inexactes ou incompl\u00e8tes, vous avez le droit de les faire rectifier ou compl\u00e9ter.<\/li><li><span style=\"text-decoration: underline;\">Le droit \u00e0 l\u2019effacement<\/span> : Vous avez le droit de demander la suppression de vos donn\u00e9es \u00e0 caract\u00e8re personnel si celles-ci ne sont plus n\u00e9cessaires \u00e0 la finalit\u00e9 pour laquelle elles ont \u00e9t\u00e9 collect\u00e9es, sauf si une obligation l\u00e9gale nous impose de les conserver, auquel cas le droit \u00e0 l&rsquo;effacement ne peut s&rsquo;appliquer.<\/li><li><span style=\"text-decoration: underline;\">Le droit \u00e0 la limitation du traitement<\/span> : Vous pouvez demander la limitation du traitement de vos donn\u00e9es \u00e0 caract\u00e8re personnel si vous estimez qu&rsquo;elles sont inexactes, s&rsquo;il n&rsquo;y a pas d&rsquo;int\u00e9r\u00eat l\u00e9gitime \u00e0 traiter vos donn\u00e9es \u00e0 caract\u00e8re personnel, si nous n&rsquo;avons plus besoin des donn\u00e9es, ou si vous vous opposez au traitement de vos donn\u00e9es \u00e0 caract\u00e8re personnel dans la mesure o\u00f9 cette opposition est compatible avec la mission que vous nous avez confi\u00e9e.<\/li><li><span style=\"text-decoration: underline;\">Le droit \u00e0 la portabilit\u00e9 des donn\u00e9es<\/span> : Une personne a le droit de recevoir ses donn\u00e9es \u00e0 caract\u00e8re personnel dans un format structur\u00e9, couramment utilis\u00e9 et lisible par machine, et de les transf\u00e9rer \u00e0 un autre responsable du traitement.<\/li><li><span style=\"text-decoration: underline;\">Le droit d\u2019opposition<\/span> : Une personne a le droit de s&rsquo;opposer au traitement de ses donn\u00e9es \u00e0 caract\u00e8re personnel si le traitement est fond\u00e9 sur un int\u00e9r\u00eat l\u00e9gitime ou \u00e0 des fins de marketing direct.<\/li><li><span style=\"text-decoration: underline;\">Droit de ne pas faire l&rsquo;objet d&rsquo;une d\u00e9cision automatis\u00e9e<\/span> : Une personne a le droit de ne pas \u00eatre soumise \u00e0 des d\u00e9cisions fond\u00e9es exclusivement sur un traitement automatis\u00e9, telles que le profilage, si ces d\u00e9cisions ont des effets juridiques ou des effets similaires significatifs sur la personne concern\u00e9e.<\/li><\/ol><p>Vous pouvez exercer les droits susmentionn\u00e9s en nous contactant \u00e0 l\u2019aide coordonn\u00e9es de contact figurant sur ce site web. Vous devez vous identifier pour nous permettre de v\u00e9rifier qu&rsquo;une autre personne n&rsquo;exerce pas vos droits. Le cas \u00e9ch\u00e9ant, nous traiterons votre plainte dans les plus brefs d\u00e9lais.<\/p><p><span style=\"text-decoration: underline;\"><strong>Violations de donn\u00e9es \u00e0 caract\u00e8re personnel<\/strong><\/span><\/p><p>En cas de violation de donn\u00e9es personnelles, nous en informerons les autorit\u00e9s de surveillance au plus tard dans les 72 heures suivant la notification. Toutes les informations requises conform\u00e9ment au RGPD seront incluses dans la notification. Si la violation pr\u00e9sente un risque pour vos droits et libert\u00e9s, vous serez inform\u00e9 imm\u00e9diatement.<\/p><p><span style=\"text-decoration: underline;\"><strong>Autorit\u00e9 de surveillance<\/strong><\/span><\/p><p>Les plaintes en cas de violation des r\u00e8gles applicables en mati\u00e8re de protection des donn\u00e9es \u00e0 caract\u00e8re personnel peuvent \u00eatre adress\u00e9es \u00e0 l\u2019Autorit\u00e9 de protection des donn\u00e9es <a href=\"https:\/\/www.autoriteprotectiondonnees.be\/citoyen\" target=\"_blank\" rel=\"noopener\"><span style=\"text-decoration: underline;\"><span style=\"color: #ffffff; text-decoration: underline;\">www.autoriteprotectiondonnees.be<\/span><\/span><\/a>, Rue de la Presse 35, 1000 Bruxelles<\/p>\t\t\t\t\t\t\t\t<\/div>\n\t\t\t\t<\/div>\n\t\t\t\t\t<\/div>\n\t\t<\/div>\n\t\t\t\t\t<\/div>\n\t\t<\/section>\n\t\t\t\t<\/div>\n\t\t","protected":false},"excerpt":{"rendered":"<p>D\u00e9claration de confidentialit\u00e9 Nous nous engageons \u00e0 assurer la protection de votre vie priv\u00e9e. Par cette d\u00e9claration nous souhaitons vous informer au mieux de la mani\u00e8re dont nous collectons, traitons et prot\u00e9geons vous donn\u00e9es \u00e0 caract\u00e8re personnel conform\u00e9ment le r\u00e8glement g\u00e9n\u00e9ral sur la protection des donn\u00e9es et la l\u00e9gislation belge sur la protection de la [&hellip;]<\/p>\n","protected":false},"author":1,"featured_media":0,"parent":0,"menu_order":0,"comment_status":"closed","ping_status":"open","template":"elementor_header_footer","meta":{"footnotes":""},"class_list":["post-2415","page","type-page","status-publish","hentry","entry"],"yoast_head":"<!-- This site is optimized with the Yoast SEO plugin v27.3 - https:\/\/yoast.com\/product\/yoast-seo-wordpress\/ -->\n<title>D\u00e9claration de confidentialit\u00e9<\/title>\n<meta name=\"description\" content=\"D\u00e9claration de confidentialit\u00e9 Nous vous recommandons de consulter r\u00e9guli\u00e8rement cette politique de confidentialit\u00e9 pour rester inform\u00e9 de tout changement\" \/>\n<meta name=\"robots\" content=\"index, follow, max-snippet:-1, max-image-preview:large, max-video-preview:-1\" \/>\n<link rel=\"canonical\" href=\"https:\/\/advocaatreulens.be\/fr\/declaration-de-confidentialite\/\" \/>\n<meta property=\"og:locale\" content=\"fr_FR\" \/>\n<meta property=\"og:type\" content=\"article\" \/>\n<meta property=\"og:title\" content=\"D\u00e9claration de confidentialit\u00e9\" \/>\n<meta property=\"og:description\" content=\"D\u00e9claration de confidentialit\u00e9 Nous vous recommandons de consulter r\u00e9guli\u00e8rement cette politique de confidentialit\u00e9 pour rester inform\u00e9 de tout changement\" \/>\n<meta property=\"og:url\" content=\"https:\/\/advocaatreulens.be\/fr\/declaration-de-confidentialite\/\" \/>\n<meta property=\"og:site_name\" content=\"Advocaat Reulens\" \/>\n<meta property=\"article:modified_time\" content=\"2023-05-25T18:13:12+00:00\" \/>\n<meta name=\"twitter:card\" content=\"summary_large_image\" \/>\n<meta name=\"twitter:label1\" content=\"Dur\u00e9e de lecture estim\u00e9e\" \/>\n\t<meta name=\"twitter:data1\" content=\"8 minutes\" \/>\n<script type=\"application\/ld+json\" class=\"yoast-schema-graph\">{\"@context\":\"https:\\\/\\\/schema.org\",\"@graph\":[{\"@type\":\"WebPage\",\"@id\":\"https:\\\/\\\/advocaatreulens.be\\\/fr\\\/declaration-de-confidentialite\\\/\",\"url\":\"https:\\\/\\\/advocaatreulens.be\\\/fr\\\/declaration-de-confidentialite\\\/\",\"name\":\"D\u00e9claration de confidentialit\u00e9\",\"isPartOf\":{\"@id\":\"https:\\\/\\\/advocaatreulens.be\\\/fr\\\/#website\"},\"datePublished\":\"2023-03-25T11:37:04+00:00\",\"dateModified\":\"2023-05-25T18:13:12+00:00\",\"description\":\"D\u00e9claration de confidentialit\u00e9 Nous vous recommandons de consulter r\u00e9guli\u00e8rement cette politique de confidentialit\u00e9 pour rester inform\u00e9 de tout changement\",\"breadcrumb\":{\"@id\":\"https:\\\/\\\/advocaatreulens.be\\\/fr\\\/declaration-de-confidentialite\\\/#breadcrumb\"},\"inLanguage\":\"fr-FR\",\"potentialAction\":[{\"@type\":\"ReadAction\",\"target\":[\"https:\\\/\\\/advocaatreulens.be\\\/fr\\\/declaration-de-confidentialite\\\/\"]}]},{\"@type\":\"BreadcrumbList\",\"@id\":\"https:\\\/\\\/advocaatreulens.be\\\/fr\\\/declaration-de-confidentialite\\\/#breadcrumb\",\"itemListElement\":[{\"@type\":\"ListItem\",\"position\":1,\"name\":\"Home\",\"item\":\"https:\\\/\\\/advocaatreulens.be\\\/fr\\\/\"},{\"@type\":\"ListItem\",\"position\":2,\"name\":\"D\u00e9claration de confidentialit\u00e9\"}]},{\"@type\":\"WebSite\",\"@id\":\"https:\\\/\\\/advocaatreulens.be\\\/fr\\\/#website\",\"url\":\"https:\\\/\\\/advocaatreulens.be\\\/fr\\\/\",\"name\":\"Advocaat Reulens\",\"description\":\"Legal Guidance in Corporate Governance\",\"publisher\":{\"@id\":\"https:\\\/\\\/advocaatreulens.be\\\/fr\\\/#organization\"},\"potentialAction\":[{\"@type\":\"SearchAction\",\"target\":{\"@type\":\"EntryPoint\",\"urlTemplate\":\"https:\\\/\\\/advocaatreulens.be\\\/fr\\\/?s={search_term_string}\"},\"query-input\":{\"@type\":\"PropertyValueSpecification\",\"valueRequired\":true,\"valueName\":\"search_term_string\"}}],\"inLanguage\":\"fr-FR\"},{\"@type\":\"Organization\",\"@id\":\"https:\\\/\\\/advocaatreulens.be\\\/fr\\\/#organization\",\"name\":\"Advocaat Reulens\",\"url\":\"https:\\\/\\\/advocaatreulens.be\\\/fr\\\/\",\"logo\":{\"@type\":\"ImageObject\",\"inLanguage\":\"fr-FR\",\"@id\":\"https:\\\/\\\/advocaatreulens.be\\\/fr\\\/#\\\/schema\\\/logo\\\/image\\\/\",\"url\":\"https:\\\/\\\/advocaatreulens.be\\\/wp-content\\\/uploads\\\/2023\\\/03\\\/advocaat-reulens-martine-logo.svg\",\"contentUrl\":\"https:\\\/\\\/advocaatreulens.be\\\/wp-content\\\/uploads\\\/2023\\\/03\\\/advocaat-reulens-martine-logo.svg\",\"caption\":\"Advocaat Reulens\"},\"image\":{\"@id\":\"https:\\\/\\\/advocaatreulens.be\\\/fr\\\/#\\\/schema\\\/logo\\\/image\\\/\"}}]}<\/script>\n<!-- \/ Yoast SEO plugin. -->","yoast_head_json":{"title":"D\u00e9claration de confidentialit\u00e9","description":"D\u00e9claration de confidentialit\u00e9 Nous vous recommandons de consulter r\u00e9guli\u00e8rement cette politique de confidentialit\u00e9 pour rester inform\u00e9 de tout changement","robots":{"index":"index","follow":"follow","max-snippet":"max-snippet:-1","max-image-preview":"max-image-preview:large","max-video-preview":"max-video-preview:-1"},"canonical":"https:\/\/advocaatreulens.be\/fr\/declaration-de-confidentialite\/","og_locale":"fr_FR","og_type":"article","og_title":"D\u00e9claration de confidentialit\u00e9","og_description":"D\u00e9claration de confidentialit\u00e9 Nous vous recommandons de consulter r\u00e9guli\u00e8rement cette politique de confidentialit\u00e9 pour rester inform\u00e9 de tout changement","og_url":"https:\/\/advocaatreulens.be\/fr\/declaration-de-confidentialite\/","og_site_name":"Advocaat Reulens","article_modified_time":"2023-05-25T18:13:12+00:00","twitter_card":"summary_large_image","twitter_misc":{"Dur\u00e9e de lecture estim\u00e9e":"8 minutes"},"schema":{"@context":"https:\/\/schema.org","@graph":[{"@type":"WebPage","@id":"https:\/\/advocaatreulens.be\/fr\/declaration-de-confidentialite\/","url":"https:\/\/advocaatreulens.be\/fr\/declaration-de-confidentialite\/","name":"D\u00e9claration de confidentialit\u00e9","isPartOf":{"@id":"https:\/\/advocaatreulens.be\/fr\/#website"},"datePublished":"2023-03-25T11:37:04+00:00","dateModified":"2023-05-25T18:13:12+00:00","description":"D\u00e9claration de confidentialit\u00e9 Nous vous recommandons de consulter r\u00e9guli\u00e8rement cette politique de confidentialit\u00e9 pour rester inform\u00e9 de tout changement","breadcrumb":{"@id":"https:\/\/advocaatreulens.be\/fr\/declaration-de-confidentialite\/#breadcrumb"},"inLanguage":"fr-FR","potentialAction":[{"@type":"ReadAction","target":["https:\/\/advocaatreulens.be\/fr\/declaration-de-confidentialite\/"]}]},{"@type":"BreadcrumbList","@id":"https:\/\/advocaatreulens.be\/fr\/declaration-de-confidentialite\/#breadcrumb","itemListElement":[{"@type":"ListItem","position":1,"name":"Home","item":"https:\/\/advocaatreulens.be\/fr\/"},{"@type":"ListItem","position":2,"name":"D\u00e9claration de confidentialit\u00e9"}]},{"@type":"WebSite","@id":"https:\/\/advocaatreulens.be\/fr\/#website","url":"https:\/\/advocaatreulens.be\/fr\/","name":"Advocaat Reulens","description":"Legal Guidance in Corporate Governance","publisher":{"@id":"https:\/\/advocaatreulens.be\/fr\/#organization"},"potentialAction":[{"@type":"SearchAction","target":{"@type":"EntryPoint","urlTemplate":"https:\/\/advocaatreulens.be\/fr\/?s={search_term_string}"},"query-input":{"@type":"PropertyValueSpecification","valueRequired":true,"valueName":"search_term_string"}}],"inLanguage":"fr-FR"},{"@type":"Organization","@id":"https:\/\/advocaatreulens.be\/fr\/#organization","name":"Advocaat Reulens","url":"https:\/\/advocaatreulens.be\/fr\/","logo":{"@type":"ImageObject","inLanguage":"fr-FR","@id":"https:\/\/advocaatreulens.be\/fr\/#\/schema\/logo\/image\/","url":"https:\/\/advocaatreulens.be\/wp-content\/uploads\/2023\/03\/advocaat-reulens-martine-logo.svg","contentUrl":"https:\/\/advocaatreulens.be\/wp-content\/uploads\/2023\/03\/advocaat-reulens-martine-logo.svg","caption":"Advocaat Reulens"},"image":{"@id":"https:\/\/advocaatreulens.be\/fr\/#\/schema\/logo\/image\/"}}]}},"_links":{"self":[{"href":"https:\/\/advocaatreulens.be\/fr\/wp-json\/wp\/v2\/pages\/2415","targetHints":{"allow":["GET"]}}],"collection":[{"href":"https:\/\/advocaatreulens.be\/fr\/wp-json\/wp\/v2\/pages"}],"about":[{"href":"https:\/\/advocaatreulens.be\/fr\/wp-json\/wp\/v2\/types\/page"}],"author":[{"embeddable":true,"href":"https:\/\/advocaatreulens.be\/fr\/wp-json\/wp\/v2\/users\/1"}],"replies":[{"embeddable":true,"href":"https:\/\/advocaatreulens.be\/fr\/wp-json\/wp\/v2\/comments?post=2415"}],"version-history":[{"count":44,"href":"https:\/\/advocaatreulens.be\/fr\/wp-json\/wp\/v2\/pages\/2415\/revisions"}],"predecessor-version":[{"id":6166,"href":"https:\/\/advocaatreulens.be\/fr\/wp-json\/wp\/v2\/pages\/2415\/revisions\/6166"}],"wp:attachment":[{"href":"https:\/\/advocaatreulens.be\/fr\/wp-json\/wp\/v2\/media?parent=2415"}],"curies":[{"name":"wp","href":"https:\/\/api.w.org\/{rel}","templated":true}]}}