{"id":2413,"date":"2023-03-30T22:25:12","date_gmt":"2023-03-30T22:25:12","guid":{"rendered":"https:\/\/advocaatreulens.be\/erelonen\/"},"modified":"2023-04-07T06:52:32","modified_gmt":"2023-04-07T06:52:32","slug":"tarifs","status":"publish","type":"page","link":"https:\/\/advocaatreulens.be\/fr\/tarifs\/","title":{"rendered":"Tarifs"},"content":{"rendered":"\t\t<div data-elementor-type=\"wp-page\" data-elementor-id=\"2413\" class=\"elementor elementor-2413 elementor-2371\" data-elementor-post-type=\"page\">\n\t\t\t\t\t\t<section class=\"elementor-section elementor-top-section elementor-element elementor-element-47ea8a2 elementor-section-boxed elementor-section-height-default elementor-section-height-default\" data-id=\"47ea8a2\" data-element_type=\"section\" data-e-type=\"section\" data-settings=\"{&quot;background_background&quot;:&quot;classic&quot;}\">\n\t\t\t\t\t\t<div class=\"elementor-container elementor-column-gap-no\">\n\t\t\t\t\t<div class=\"elementor-column elementor-col-100 elementor-top-column elementor-element elementor-element-1258368\" data-id=\"1258368\" data-element_type=\"column\" data-e-type=\"column\">\n\t\t\t<div class=\"elementor-widget-wrap elementor-element-populated\">\n\t\t\t\t\t\t<section class=\"elementor-section elementor-inner-section elementor-element elementor-element-6fe81a7 elementor-section-full_width elementor-section-height-default elementor-section-height-default\" data-id=\"6fe81a7\" data-element_type=\"section\" data-e-type=\"section\" data-settings=\"{&quot;background_background&quot;:&quot;classic&quot;}\">\n\t\t\t\t\t\t<div class=\"elementor-container elementor-column-gap-no\">\n\t\t\t\t\t<div class=\"elementor-column elementor-col-33 elementor-inner-column elementor-element elementor-element-6f7a822\" data-id=\"6f7a822\" data-element_type=\"column\" data-e-type=\"column\" data-settings=\"{&quot;background_background&quot;:&quot;classic&quot;}\">\n\t\t\t<div class=\"elementor-widget-wrap elementor-element-populated\">\n\t\t\t\t\t\t<div class=\"elementor-element elementor-element-5d8714b elementor-widget elementor-widget-spacer\" data-id=\"5d8714b\" data-element_type=\"widget\" data-e-type=\"widget\" data-widget_type=\"spacer.default\">\n\t\t\t\t<div class=\"elementor-widget-container\">\n\t\t\t\t\t\t\t<div class=\"elementor-spacer\">\n\t\t\t<div class=\"elementor-spacer-inner\"><\/div>\n\t\t<\/div>\n\t\t\t\t\t\t<\/div>\n\t\t\t\t<\/div>\n\t\t\t\t<div class=\"elementor-element elementor-element-129d8c4 elementor-widget elementor-widget-heading\" data-id=\"129d8c4\" data-element_type=\"widget\" data-e-type=\"widget\" data-widget_type=\"heading.default\">\n\t\t\t\t<div class=\"elementor-widget-container\">\n\t\t\t\t\t<h2 class=\"elementor-heading-title elementor-size-default\">Tarifs<\/h2>\t\t\t\t<\/div>\n\t\t\t\t<\/div>\n\t\t\t\t\t<\/div>\n\t\t<\/div>\n\t\t\t\t<div class=\"elementor-column elementor-col-33 elementor-inner-column elementor-element elementor-element-d7471d3\" data-id=\"d7471d3\" data-element_type=\"column\" data-e-type=\"column\">\n\t\t\t<div class=\"elementor-widget-wrap\">\n\t\t\t\t\t\t\t<\/div>\n\t\t<\/div>\n\t\t\t\t<div class=\"elementor-column elementor-col-33 elementor-inner-column elementor-element elementor-element-226a9bc\" data-id=\"226a9bc\" data-element_type=\"column\" data-e-type=\"column\">\n\t\t\t<div class=\"elementor-widget-wrap\">\n\t\t\t\t\t\t\t<\/div>\n\t\t<\/div>\n\t\t\t\t\t<\/div>\n\t\t<\/section>\n\t\t\t\t\t<\/div>\n\t\t<\/div>\n\t\t\t\t\t<\/div>\n\t\t<\/section>\n\t\t\t\t<section class=\"elementor-section elementor-top-section elementor-element elementor-element-af8df5a elementor-section-boxed elementor-section-height-default elementor-section-height-default\" data-id=\"af8df5a\" data-element_type=\"section\" data-e-type=\"section\" data-settings=\"{&quot;background_background&quot;:&quot;classic&quot;}\">\n\t\t\t\t\t\t<div class=\"elementor-container elementor-column-gap-default\">\n\t\t\t\t\t<div class=\"elementor-column elementor-col-100 elementor-top-column elementor-element elementor-element-bd9ab89\" data-id=\"bd9ab89\" data-element_type=\"column\" data-e-type=\"column\">\n\t\t\t<div class=\"elementor-widget-wrap elementor-element-populated\">\n\t\t\t\t\t\t<div class=\"elementor-element elementor-element-3c3ff05 elementor-widget elementor-widget-text-editor\" data-id=\"3c3ff05\" data-element_type=\"widget\" data-e-type=\"widget\" data-widget_type=\"text-editor.default\">\n\t\t\t\t<div class=\"elementor-widget-container\">\n\t\t\t\t\t\t\t\t\t<p><strong>1. G\u00e9n\u00e9ralit\u00e9s<\/strong><br \/>Bien qu&rsquo;il ne soit pas toujours possible d&rsquo;estimer exactement le co\u00fbt d&rsquo;un dossier d\u00e8s le d\u00e9part, nous nous effor\u00e7ons d&rsquo;\u00eatre totalement transparents en ce qui concerne nos honoraires afin que vous ne soyez jamais confront\u00e9 \u00e0 des surprises d\u00e9sagr\u00e9ables.<br \/>Le premier entretien, qu&rsquo;il ait lieu au cabinet ou en ligne, est gratuit. Au cours de cette r\u00e9union d&rsquo;orientation de 40 minutes, vous recevrez des conseils oraux et pourrez discuter plus en d\u00e9tail d&rsquo;une \u00e9ventuelle coop\u00e9ration.<br \/>Nos factures se composent d&rsquo;une part des honoraires et d&rsquo;autre part des frais et d\u00e9bours.<\/p><p><strong>2. Les honoraires<\/strong><br \/>Les honoraires sont \u00e9tablis en fonction du temps consacr\u00e9.<\/p><p>Nos prestations sont factur\u00e9es sur base d\u2019un tarif horaire du 150 \u20ac, hors TVA.<\/p><p>A l\u2019ouverture du dossier ainsi qu\u2019en cours de traitement des provisions \u00e0 intervalles r\u00e9guliers seront sollicit\u00e9es. Il s\u2019agit d\u2019avances sur le solde final et elles sont calcul\u00e9es en fonction des travaux et frais pr\u00e9vus. Au final, ces provisions seront d\u00e9duites de l\u2019\u00e9tat de frais et honoraires d\u00e9finitif \u00e0 la fin de l\u2019intervention. De cette mani\u00e8re, vous pouvez \u00e9taler vos paiements et \u00e9viter les surprises financi\u00e8res. <br \/>De plus, les prestations fournies sont enregistr\u00e9es en d\u00e9tail et vous pouvez demander \u00e0 tout moment un aper\u00e7u de l&rsquo;\u00e9volution des co\u00fbts dans votre dossier.<\/p><p><strong>3. Formule d&rsquo;abonnement<\/strong> <br \/>Dans le cadre d&rsquo;un soutien juridique sur une p\u00e9riode d\u00e9termin\u00e9e avec des services r\u00e9guliers et convenus \u00e0 l&rsquo;avance pour les op\u00e9rations quotidiennes de l&rsquo;entreprise, une formule d&rsquo;abonnement ou un tarif fixe sur mesure des besoins du client sera \u00e9tabli, lui permettant de b\u00e9n\u00e9ficier de conditions plus avantageuses.<\/p><p><strong>4. Frais du cabinet<\/strong><br \/>Les frais du cabinet sont de frais fixes et variables en lien direct avec les charges aff\u00e9rentes au dossier.<br \/>Ces frais sont calcul\u00e9s comme suit (hors TVA)<\/p><ul><li>ouverture du dossier : 50\u20ac<\/li><li>correspondence et dactylographie : 12\u20ac\/page<\/li><li>envoi d\u2019un e-mail : 0,70\u20ac\/mail<\/li><li>copie, scan : 0,40\u20ac\/page<\/li><li>appel t\u00e9l\u00e9phonique vers ligne fixe ou GSM: 2,50\u20ac par p\u00e9riode de dix minutes entam\u00e9e ;<\/li><li>envoi recommand\u00e9 : suivant les tarifs postaux en vigueur <\/li><li>frais de d\u00e9placement : 0,75\u20ac\/km<\/li><li>cl\u00f4ture et archivage du dossier : 30\u20ac<\/li><\/ul><p><strong>5. Frais de proc\u00e9dure<\/strong><br \/>Les frais inh\u00e9rents \u00e0 la proc\u00e9dure judiciaire (frais d&rsquo;huissier, frais d&rsquo;expertise, traductions, etc.) sont factur\u00e9s directement au client par le tiers intervenant (huissier, expert, etc.).<\/p><p><strong>6. Les d\u00e9bours<\/strong><br \/>Les d\u00e9bours sont les frais avanc\u00e9s par l\u2019avocat pour le compte du client tels que, sans \u00eatre limitatifs, droits de r\u00f4le, les frais de dossier, documents \u00e9tat civil, recherche au Registre National,\u2026<br \/>Ces frais sont port\u00e9s en compte en suppl\u00e9ment sur la base de pi\u00e8ces justificatives.<\/p><p><strong>7. Facturation<\/strong><br \/>Les honoraires et frais sont soumis \u00e0 une TVA de 21%<\/p><p>Tout \u00e9tat de frais et honoraires interm\u00e9diaire ou d\u00e9finitif est payable dans les 15 jours \u00e0 compter de la date de facturation<\/p><p>En cas de retard de paiement, le client est, de plein droit et sans qu&rsquo;une mise en demeure pr\u00e9alable soit n\u00e9cessaire, redevable d&rsquo;un int\u00e9r\u00eat de retard annuel de 8 % et d&rsquo;une indemnit\u00e9 forfaitaire de 10 % sur le montant impay\u00e9, avec un minimum de 100\u20ac.<\/p><p>Si le client ne respecte pas ses obligations de paiement l\u2019avocat a, apr\u00e8s mise en demeure \u00e9crite, le droit de suspendre son intervention, sans que le client puisse r\u00e9clamer une quelconque indemnit\u00e9 de ce fait.<\/p><p>Toute contestation d\u2019une facture doit \u00eatre communiqu\u00e9e par recommand\u00e9 dans les 8 jours \u00e0 compter de la r\u00e9ception de ladite facture.<\/p><p><strong>8. Donn\u00e9es de facturation<\/strong><br \/>Advocaat Reulens<br \/>Zevenbronnenstraat 100, 1653 Dworp<br \/>Compte courant : BE02 3632 2813 4340<br \/>TVA : BE0544.324.705<\/p>\t\t\t\t\t\t\t\t<\/div>\n\t\t\t\t<\/div>\n\t\t\t\t\t<\/div>\n\t\t<\/div>\n\t\t\t\t\t<\/div>\n\t\t<\/section>\n\t\t\t\t<\/div>\n\t\t","protected":false},"excerpt":{"rendered":"<p>Tarifs 1. G\u00e9n\u00e9ralit\u00e9s Bien qu&rsquo;il ne soit pas toujours possible d&rsquo;estimer exactement le co\u00fbt d&rsquo;un dossier d\u00e8s le d\u00e9part, nous nous effor\u00e7ons d&rsquo;\u00eatre totalement transparents en ce qui concerne nos honoraires afin que vous ne soyez jamais confront\u00e9 \u00e0 des surprises d\u00e9sagr\u00e9ables. Le premier entretien, qu&rsquo;il ait lieu au cabinet ou en ligne, est gratuit. [&hellip;]<\/p>\n","protected":false},"author":1,"featured_media":0,"parent":0,"menu_order":0,"comment_status":"closed","ping_status":"closed","template":"elementor_header_footer","meta":{"footnotes":""},"class_list":["post-2413","page","type-page","status-publish","hentry","entry"],"yoast_head":"<!-- This site is optimized with the Yoast SEO plugin v27.3 - https:\/\/yoast.com\/product\/yoast-seo-wordpress\/ -->\n<title>Tarifs - Advocaat Reulens<\/title>\n<meta name=\"robots\" content=\"index, follow, max-snippet:-1, max-image-preview:large, max-video-preview:-1\" \/>\n<link rel=\"canonical\" href=\"https:\/\/advocaatreulens.be\/fr\/tarifs\/\" \/>\n<meta property=\"og:locale\" content=\"fr_FR\" \/>\n<meta property=\"og:type\" content=\"article\" \/>\n<meta property=\"og:title\" content=\"Tarifs - Advocaat Reulens\" \/>\n<meta property=\"og:description\" content=\"Tarifs 1. G\u00e9n\u00e9ralit\u00e9s Bien qu&rsquo;il ne soit pas toujours possible d&rsquo;estimer exactement le co\u00fbt d&rsquo;un dossier d\u00e8s le d\u00e9part, nous nous effor\u00e7ons d&rsquo;\u00eatre totalement transparents en ce qui concerne nos honoraires afin que vous ne soyez jamais confront\u00e9 \u00e0 des surprises d\u00e9sagr\u00e9ables. Le premier entretien, qu&rsquo;il ait lieu au cabinet ou en ligne, est gratuit. [&hellip;]\" \/>\n<meta property=\"og:url\" content=\"https:\/\/advocaatreulens.be\/fr\/tarifs\/\" \/>\n<meta property=\"og:site_name\" content=\"Advocaat Reulens\" \/>\n<meta property=\"article:modified_time\" content=\"2023-04-07T06:52:32+00:00\" \/>\n<meta name=\"twitter:card\" content=\"summary_large_image\" \/>\n<meta name=\"twitter:label1\" content=\"Dur\u00e9e de lecture estim\u00e9e\" \/>\n\t<meta name=\"twitter:data1\" content=\"3 minutes\" \/>\n<script type=\"application\/ld+json\" class=\"yoast-schema-graph\">{\"@context\":\"https:\\\/\\\/schema.org\",\"@graph\":[{\"@type\":\"WebPage\",\"@id\":\"https:\\\/\\\/advocaatreulens.be\\\/fr\\\/tarifs\\\/\",\"url\":\"https:\\\/\\\/advocaatreulens.be\\\/fr\\\/tarifs\\\/\",\"name\":\"Tarifs - Advocaat Reulens\",\"isPartOf\":{\"@id\":\"https:\\\/\\\/advocaatreulens.be\\\/fr\\\/#website\"},\"datePublished\":\"2023-03-30T22:25:12+00:00\",\"dateModified\":\"2023-04-07T06:52:32+00:00\",\"breadcrumb\":{\"@id\":\"https:\\\/\\\/advocaatreulens.be\\\/fr\\\/tarifs\\\/#breadcrumb\"},\"inLanguage\":\"fr-FR\",\"potentialAction\":[{\"@type\":\"ReadAction\",\"target\":[\"https:\\\/\\\/advocaatreulens.be\\\/fr\\\/tarifs\\\/\"]}]},{\"@type\":\"BreadcrumbList\",\"@id\":\"https:\\\/\\\/advocaatreulens.be\\\/fr\\\/tarifs\\\/#breadcrumb\",\"itemListElement\":[{\"@type\":\"ListItem\",\"position\":1,\"name\":\"Home\",\"item\":\"https:\\\/\\\/advocaatreulens.be\\\/fr\\\/\"},{\"@type\":\"ListItem\",\"position\":2,\"name\":\"Tarifs\"}]},{\"@type\":\"WebSite\",\"@id\":\"https:\\\/\\\/advocaatreulens.be\\\/fr\\\/#website\",\"url\":\"https:\\\/\\\/advocaatreulens.be\\\/fr\\\/\",\"name\":\"Advocaat Reulens\",\"description\":\"Legal Guidance in Corporate Governance\",\"publisher\":{\"@id\":\"https:\\\/\\\/advocaatreulens.be\\\/fr\\\/#organization\"},\"potentialAction\":[{\"@type\":\"SearchAction\",\"target\":{\"@type\":\"EntryPoint\",\"urlTemplate\":\"https:\\\/\\\/advocaatreulens.be\\\/fr\\\/?s={search_term_string}\"},\"query-input\":{\"@type\":\"PropertyValueSpecification\",\"valueRequired\":true,\"valueName\":\"search_term_string\"}}],\"inLanguage\":\"fr-FR\"},{\"@type\":\"Organization\",\"@id\":\"https:\\\/\\\/advocaatreulens.be\\\/fr\\\/#organization\",\"name\":\"Advocaat Reulens\",\"url\":\"https:\\\/\\\/advocaatreulens.be\\\/fr\\\/\",\"logo\":{\"@type\":\"ImageObject\",\"inLanguage\":\"fr-FR\",\"@id\":\"https:\\\/\\\/advocaatreulens.be\\\/fr\\\/#\\\/schema\\\/logo\\\/image\\\/\",\"url\":\"https:\\\/\\\/advocaatreulens.be\\\/wp-content\\\/uploads\\\/2023\\\/03\\\/advocaat-reulens-martine-logo.svg\",\"contentUrl\":\"https:\\\/\\\/advocaatreulens.be\\\/wp-content\\\/uploads\\\/2023\\\/03\\\/advocaat-reulens-martine-logo.svg\",\"caption\":\"Advocaat Reulens\"},\"image\":{\"@id\":\"https:\\\/\\\/advocaatreulens.be\\\/fr\\\/#\\\/schema\\\/logo\\\/image\\\/\"}}]}<\/script>\n<!-- \/ Yoast SEO plugin. -->","yoast_head_json":{"title":"Tarifs - Advocaat Reulens","robots":{"index":"index","follow":"follow","max-snippet":"max-snippet:-1","max-image-preview":"max-image-preview:large","max-video-preview":"max-video-preview:-1"},"canonical":"https:\/\/advocaatreulens.be\/fr\/tarifs\/","og_locale":"fr_FR","og_type":"article","og_title":"Tarifs - Advocaat Reulens","og_description":"Tarifs 1. G\u00e9n\u00e9ralit\u00e9s Bien qu&rsquo;il ne soit pas toujours possible d&rsquo;estimer exactement le co\u00fbt d&rsquo;un dossier d\u00e8s le d\u00e9part, nous nous effor\u00e7ons d&rsquo;\u00eatre totalement transparents en ce qui concerne nos honoraires afin que vous ne soyez jamais confront\u00e9 \u00e0 des surprises d\u00e9sagr\u00e9ables. Le premier entretien, qu&rsquo;il ait lieu au cabinet ou en ligne, est gratuit. [&hellip;]","og_url":"https:\/\/advocaatreulens.be\/fr\/tarifs\/","og_site_name":"Advocaat Reulens","article_modified_time":"2023-04-07T06:52:32+00:00","twitter_card":"summary_large_image","twitter_misc":{"Dur\u00e9e de lecture estim\u00e9e":"3 minutes"},"schema":{"@context":"https:\/\/schema.org","@graph":[{"@type":"WebPage","@id":"https:\/\/advocaatreulens.be\/fr\/tarifs\/","url":"https:\/\/advocaatreulens.be\/fr\/tarifs\/","name":"Tarifs - Advocaat Reulens","isPartOf":{"@id":"https:\/\/advocaatreulens.be\/fr\/#website"},"datePublished":"2023-03-30T22:25:12+00:00","dateModified":"2023-04-07T06:52:32+00:00","breadcrumb":{"@id":"https:\/\/advocaatreulens.be\/fr\/tarifs\/#breadcrumb"},"inLanguage":"fr-FR","potentialAction":[{"@type":"ReadAction","target":["https:\/\/advocaatreulens.be\/fr\/tarifs\/"]}]},{"@type":"BreadcrumbList","@id":"https:\/\/advocaatreulens.be\/fr\/tarifs\/#breadcrumb","itemListElement":[{"@type":"ListItem","position":1,"name":"Home","item":"https:\/\/advocaatreulens.be\/fr\/"},{"@type":"ListItem","position":2,"name":"Tarifs"}]},{"@type":"WebSite","@id":"https:\/\/advocaatreulens.be\/fr\/#website","url":"https:\/\/advocaatreulens.be\/fr\/","name":"Advocaat Reulens","description":"Legal Guidance in Corporate Governance","publisher":{"@id":"https:\/\/advocaatreulens.be\/fr\/#organization"},"potentialAction":[{"@type":"SearchAction","target":{"@type":"EntryPoint","urlTemplate":"https:\/\/advocaatreulens.be\/fr\/?s={search_term_string}"},"query-input":{"@type":"PropertyValueSpecification","valueRequired":true,"valueName":"search_term_string"}}],"inLanguage":"fr-FR"},{"@type":"Organization","@id":"https:\/\/advocaatreulens.be\/fr\/#organization","name":"Advocaat Reulens","url":"https:\/\/advocaatreulens.be\/fr\/","logo":{"@type":"ImageObject","inLanguage":"fr-FR","@id":"https:\/\/advocaatreulens.be\/fr\/#\/schema\/logo\/image\/","url":"https:\/\/advocaatreulens.be\/wp-content\/uploads\/2023\/03\/advocaat-reulens-martine-logo.svg","contentUrl":"https:\/\/advocaatreulens.be\/wp-content\/uploads\/2023\/03\/advocaat-reulens-martine-logo.svg","caption":"Advocaat Reulens"},"image":{"@id":"https:\/\/advocaatreulens.be\/fr\/#\/schema\/logo\/image\/"}}]}},"_links":{"self":[{"href":"https:\/\/advocaatreulens.be\/fr\/wp-json\/wp\/v2\/pages\/2413","targetHints":{"allow":["GET"]}}],"collection":[{"href":"https:\/\/advocaatreulens.be\/fr\/wp-json\/wp\/v2\/pages"}],"about":[{"href":"https:\/\/advocaatreulens.be\/fr\/wp-json\/wp\/v2\/types\/page"}],"author":[{"embeddable":true,"href":"https:\/\/advocaatreulens.be\/fr\/wp-json\/wp\/v2\/users\/1"}],"replies":[{"embeddable":true,"href":"https:\/\/advocaatreulens.be\/fr\/wp-json\/wp\/v2\/comments?post=2413"}],"version-history":[{"count":7,"href":"https:\/\/advocaatreulens.be\/fr\/wp-json\/wp\/v2\/pages\/2413\/revisions"}],"predecessor-version":[{"id":5829,"href":"https:\/\/advocaatreulens.be\/fr\/wp-json\/wp\/v2\/pages\/2413\/revisions\/5829"}],"wp:attachment":[{"href":"https:\/\/advocaatreulens.be\/fr\/wp-json\/wp\/v2\/media?parent=2413"}],"curies":[{"name":"wp","href":"https:\/\/api.w.org\/{rel}","templated":true}]}}