{"id":2411,"date":"2023-03-25T20:22:11","date_gmt":"2023-03-25T20:22:11","guid":{"rendered":"https:\/\/advocaatreulens.be\/cookies-policy\/"},"modified":"2023-05-25T17:00:02","modified_gmt":"2023-05-25T17:00:02","slug":"cookies-policy","status":"publish","type":"page","link":"https:\/\/advocaatreulens.be\/fr\/cookies-policy\/","title":{"rendered":"Cookies policy"},"content":{"rendered":"\t\t<div data-elementor-type=\"wp-page\" data-elementor-id=\"2411\" class=\"elementor elementor-2411 elementor-129\" data-elementor-post-type=\"page\">\n\t\t\t\t\t\t<section class=\"elementor-section elementor-top-section elementor-element elementor-element-a9d8108 elementor-section-boxed elementor-section-height-default elementor-section-height-default\" data-id=\"a9d8108\" data-element_type=\"section\" data-e-type=\"section\" data-settings=\"{&quot;background_background&quot;:&quot;classic&quot;}\">\n\t\t\t\t\t\t<div class=\"elementor-container elementor-column-gap-no\">\n\t\t\t\t\t<div class=\"elementor-column elementor-col-100 elementor-top-column elementor-element elementor-element-e8603be\" data-id=\"e8603be\" data-element_type=\"column\" data-e-type=\"column\">\n\t\t\t<div class=\"elementor-widget-wrap elementor-element-populated\">\n\t\t\t\t\t\t<section class=\"elementor-section elementor-inner-section elementor-element elementor-element-ea33f15 elementor-section-full_width elementor-section-height-default elementor-section-height-default\" data-id=\"ea33f15\" data-element_type=\"section\" data-e-type=\"section\" data-settings=\"{&quot;background_background&quot;:&quot;classic&quot;}\">\n\t\t\t\t\t\t<div class=\"elementor-container elementor-column-gap-no\">\n\t\t\t\t\t<div class=\"elementor-column elementor-col-33 elementor-inner-column elementor-element elementor-element-45d9488\" data-id=\"45d9488\" data-element_type=\"column\" data-e-type=\"column\" data-settings=\"{&quot;background_background&quot;:&quot;classic&quot;}\">\n\t\t\t<div class=\"elementor-widget-wrap elementor-element-populated\">\n\t\t\t\t\t\t<div class=\"elementor-element elementor-element-415ab1d elementor-widget elementor-widget-spacer\" data-id=\"415ab1d\" data-element_type=\"widget\" data-e-type=\"widget\" data-widget_type=\"spacer.default\">\n\t\t\t\t<div class=\"elementor-widget-container\">\n\t\t\t\t\t\t\t<div class=\"elementor-spacer\">\n\t\t\t<div class=\"elementor-spacer-inner\"><\/div>\n\t\t<\/div>\n\t\t\t\t\t\t<\/div>\n\t\t\t\t<\/div>\n\t\t\t\t<div class=\"elementor-element elementor-element-80d8710 elementor-widget elementor-widget-heading\" data-id=\"80d8710\" data-element_type=\"widget\" data-e-type=\"widget\" data-widget_type=\"heading.default\">\n\t\t\t\t<div class=\"elementor-widget-container\">\n\t\t\t\t\t<h2 class=\"elementor-heading-title elementor-size-default\">Politique relative aux cookies<\/h2>\t\t\t\t<\/div>\n\t\t\t\t<\/div>\n\t\t\t\t\t<\/div>\n\t\t<\/div>\n\t\t\t\t<div class=\"elementor-column elementor-col-33 elementor-inner-column elementor-element elementor-element-a861f6d\" data-id=\"a861f6d\" data-element_type=\"column\" data-e-type=\"column\">\n\t\t\t<div class=\"elementor-widget-wrap\">\n\t\t\t\t\t\t\t<\/div>\n\t\t<\/div>\n\t\t\t\t<div class=\"elementor-column elementor-col-33 elementor-inner-column elementor-element elementor-element-5158daf\" data-id=\"5158daf\" data-element_type=\"column\" data-e-type=\"column\">\n\t\t\t<div class=\"elementor-widget-wrap\">\n\t\t\t\t\t\t\t<\/div>\n\t\t<\/div>\n\t\t\t\t\t<\/div>\n\t\t<\/section>\n\t\t\t\t\t<\/div>\n\t\t<\/div>\n\t\t\t\t\t<\/div>\n\t\t<\/section>\n\t\t\t\t<section class=\"elementor-section elementor-top-section elementor-element elementor-element-dbd85fd elementor-section-boxed elementor-section-height-default elementor-section-height-default\" data-id=\"dbd85fd\" data-element_type=\"section\" data-e-type=\"section\" data-settings=\"{&quot;background_background&quot;:&quot;classic&quot;}\">\n\t\t\t\t\t\t<div class=\"elementor-container elementor-column-gap-default\">\n\t\t\t\t\t<div class=\"elementor-column elementor-col-100 elementor-top-column elementor-element elementor-element-6a828fa\" data-id=\"6a828fa\" data-element_type=\"column\" data-e-type=\"column\">\n\t\t\t<div class=\"elementor-widget-wrap elementor-element-populated\">\n\t\t\t\t\t\t<div class=\"elementor-element elementor-element-73a4e58 elementor-widget elementor-widget-text-editor\" data-id=\"73a4e58\" data-element_type=\"widget\" data-e-type=\"widget\" data-widget_type=\"text-editor.default\">\n\t\t\t\t<div class=\"elementor-widget-container\">\n\t\t\t\t\t\t\t\t\t<p><span style=\"text-decoration: underline;\"><strong>Cookies<\/strong><\/span><\/p><p>Notre site web utilise des cookies. Ce sont de petits fichiers texte qui sont plac\u00e9s sur l&rsquo;ordinateur, la tablette ou le smartphone des visiteurs du site web. Les cookies essentiels et fonctionnels sont n\u00e9cessaires au bon fonctionnement du site web et ne peuvent \u00eatre refus\u00e9s. De plus, nous utilisons des cookies analytiques pour comprendre le comportement de navigation et pour suivre les statistiques des visiteurs afin d&rsquo;am\u00e9liorer l&rsquo;exp\u00e9rience utilisateur. Les cookies analytiques sont soumis \u00e0 votre approbation explicite. En donnant votre approbation, nous vous assurons que les donn\u00e9es trait\u00e9es ne seront pas utilis\u00e9es \u00e0 d&rsquo;autres fins ni transmises \u00e0 des tiers.\u00a0\u00bb<\/p><p><span style=\"text-decoration: underline;\"><strong>Google Analytics<\/strong><\/span><\/p><p>Nous utilisons Google Analytics pour suivre comment les visiteurs utilisent notre site web. Nous avons conclu un accord de traitement des donn\u00e9es avec Google, comprenant des accords stricts sur les informations qu&rsquo;ils sont autoris\u00e9s \u00e0 collecter. Nous n&rsquo;avons pas autoris\u00e9 Google \u00e0 utiliser les informations d&rsquo;Analytics obtenues pour d&rsquo;autres services Google. Nous demandons \u00e0 Google d&rsquo;anonymiser les adresses IP. Nous attachons une grande importance \u00e0 la s\u00e9curit\u00e9 de vos donn\u00e9es personnelles.\u00a0\u00bb<\/p><p><span style=\"text-decoration: underline;\"><strong>D\u00e9sactivation des cookies<\/strong><\/span><\/p><p>Vous pouvez modifier les param\u00e8tres des cookies en suivant les instructions du navigateur. Si vous continuez \u00e0 naviguer sur le site sans modifier vos param\u00e8tres de navigateur, nous consid\u00e9rons que vous acceptez les cookies du site. De plus, vous pouvez \u00e9galement supprimer les cookies en effa\u00e7ant d\u00e9finitivement l&rsquo;historique du navigateur.<\/p><p>Pour plus d&rsquo;informations sur l&rsquo;utilisation des cookies, vous pouvez consulter notre politique de confidentialit\u00e9.<\/p>\t\t\t\t\t\t\t\t<\/div>\n\t\t\t\t<\/div>\n\t\t\t\t\t<\/div>\n\t\t<\/div>\n\t\t\t\t\t<\/div>\n\t\t<\/section>\n\t\t\t\t<\/div>\n\t\t","protected":false},"excerpt":{"rendered":"<p>Politique relative aux cookies Cookies Notre site web utilise des cookies. Ce sont de petits fichiers texte qui sont plac\u00e9s sur l&rsquo;ordinateur, la tablette ou le smartphone des visiteurs du site web. Les cookies essentiels et fonctionnels sont n\u00e9cessaires au bon fonctionnement du site web et ne peuvent \u00eatre refus\u00e9s. De plus, nous utilisons des [&hellip;]<\/p>\n","protected":false},"author":1,"featured_media":0,"parent":0,"menu_order":0,"comment_status":"closed","ping_status":"closed","template":"elementor_header_footer","meta":{"footnotes":""},"class_list":["post-2411","page","type-page","status-publish","hentry","entry"],"yoast_head":"<!-- This site is optimized with the Yoast SEO plugin v27.4 - https:\/\/yoast.com\/product\/yoast-seo-wordpress\/ -->\n<title>Politique des cookies<\/title>\n<meta name=\"description\" content=\"Politique des cookies Notre cabinet d&#039;avocats utilise une politique de cookies pour am\u00e9liorer l&#039;exp\u00e9rience utilisateur sur notre site Web. En poursuivant votre navigation, vous consentez \u00e0 notre utilisation des cookies conform\u00e9ment \u00e0 notre politique en mati\u00e8re de cookies.\" \/>\n<meta name=\"robots\" content=\"index, follow, max-snippet:-1, max-image-preview:large, max-video-preview:-1\" \/>\n<link rel=\"canonical\" href=\"https:\/\/advocaatreulens.be\/fr\/cookies-policy\/\" \/>\n<meta property=\"og:locale\" content=\"fr_FR\" \/>\n<meta property=\"og:type\" content=\"article\" \/>\n<meta property=\"og:title\" content=\"Politique des cookies\" \/>\n<meta property=\"og:description\" content=\"Politique des cookies Notre cabinet d&#039;avocats utilise une politique de cookies pour am\u00e9liorer l&#039;exp\u00e9rience utilisateur sur notre site Web. En poursuivant votre navigation, vous consentez \u00e0 notre utilisation des cookies conform\u00e9ment \u00e0 notre politique en mati\u00e8re de cookies.\" \/>\n<meta property=\"og:url\" content=\"https:\/\/advocaatreulens.be\/fr\/cookies-policy\/\" \/>\n<meta property=\"og:site_name\" content=\"Advocaat Reulens\" \/>\n<meta property=\"article:modified_time\" content=\"2023-05-25T17:00:02+00:00\" \/>\n<meta name=\"twitter:card\" content=\"summary_large_image\" \/>\n<meta name=\"twitter:label1\" content=\"Dur\u00e9e de lecture estim\u00e9e\" \/>\n\t<meta name=\"twitter:data1\" content=\"2 minutes\" \/>\n<script type=\"application\/ld+json\" class=\"yoast-schema-graph\">{\"@context\":\"https:\\\/\\\/schema.org\",\"@graph\":[{\"@type\":\"WebPage\",\"@id\":\"https:\\\/\\\/advocaatreulens.be\\\/fr\\\/cookies-policy\\\/\",\"url\":\"https:\\\/\\\/advocaatreulens.be\\\/fr\\\/cookies-policy\\\/\",\"name\":\"Politique des cookies\",\"isPartOf\":{\"@id\":\"https:\\\/\\\/13.39.96.236\\\/#website\"},\"datePublished\":\"2023-03-25T20:22:11+00:00\",\"dateModified\":\"2023-05-25T17:00:02+00:00\",\"description\":\"Politique des cookies Notre cabinet d'avocats utilise une politique de cookies pour am\u00e9liorer l'exp\u00e9rience utilisateur sur notre site Web. En poursuivant votre navigation, vous consentez \u00e0 notre utilisation des cookies conform\u00e9ment \u00e0 notre politique en mati\u00e8re de cookies.\",\"breadcrumb\":{\"@id\":\"https:\\\/\\\/advocaatreulens.be\\\/fr\\\/cookies-policy\\\/#breadcrumb\"},\"inLanguage\":\"fr-FR\",\"potentialAction\":[{\"@type\":\"ReadAction\",\"target\":[\"https:\\\/\\\/advocaatreulens.be\\\/fr\\\/cookies-policy\\\/\"]}]},{\"@type\":\"BreadcrumbList\",\"@id\":\"https:\\\/\\\/advocaatreulens.be\\\/fr\\\/cookies-policy\\\/#breadcrumb\",\"itemListElement\":[{\"@type\":\"ListItem\",\"position\":1,\"name\":\"Home\",\"item\":\"https:\\\/\\\/advocaatreulens.be\\\/fr\\\/\"},{\"@type\":\"ListItem\",\"position\":2,\"name\":\"Cookies policy\"}]},{\"@type\":\"WebSite\",\"@id\":\"https:\\\/\\\/13.39.96.236\\\/#website\",\"url\":\"https:\\\/\\\/13.39.96.236\\\/\",\"name\":\"Advocaat Reulens\",\"description\":\"Legal Guidance in Corporate Governance\",\"publisher\":{\"@id\":\"https:\\\/\\\/13.39.96.236\\\/#organization\"},\"potentialAction\":[{\"@type\":\"SearchAction\",\"target\":{\"@type\":\"EntryPoint\",\"urlTemplate\":\"https:\\\/\\\/13.39.96.236\\\/?s={search_term_string}\"},\"query-input\":{\"@type\":\"PropertyValueSpecification\",\"valueRequired\":true,\"valueName\":\"search_term_string\"}}],\"inLanguage\":\"fr-FR\"},{\"@type\":\"Organization\",\"@id\":\"https:\\\/\\\/13.39.96.236\\\/#organization\",\"name\":\"Advocaat Reulens\",\"url\":\"https:\\\/\\\/13.39.96.236\\\/\",\"logo\":{\"@type\":\"ImageObject\",\"inLanguage\":\"fr-FR\",\"@id\":\"https:\\\/\\\/13.39.96.236\\\/#\\\/schema\\\/logo\\\/image\\\/\",\"url\":\"https:\\\/\\\/advocaatreulens.be\\\/wp-content\\\/uploads\\\/2023\\\/03\\\/advocaat-reulens-martine-logo.svg\",\"contentUrl\":\"https:\\\/\\\/advocaatreulens.be\\\/wp-content\\\/uploads\\\/2023\\\/03\\\/advocaat-reulens-martine-logo.svg\",\"caption\":\"Advocaat Reulens\"},\"image\":{\"@id\":\"https:\\\/\\\/13.39.96.236\\\/#\\\/schema\\\/logo\\\/image\\\/\"}}]}<\/script>\n<!-- \/ Yoast SEO plugin. -->","yoast_head_json":{"title":"Politique des cookies","description":"Politique des cookies Notre cabinet d'avocats utilise une politique de cookies pour am\u00e9liorer l'exp\u00e9rience utilisateur sur notre site Web. En poursuivant votre navigation, vous consentez \u00e0 notre utilisation des cookies conform\u00e9ment \u00e0 notre politique en mati\u00e8re de cookies.","robots":{"index":"index","follow":"follow","max-snippet":"max-snippet:-1","max-image-preview":"max-image-preview:large","max-video-preview":"max-video-preview:-1"},"canonical":"https:\/\/advocaatreulens.be\/fr\/cookies-policy\/","og_locale":"fr_FR","og_type":"article","og_title":"Politique des cookies","og_description":"Politique des cookies Notre cabinet d'avocats utilise une politique de cookies pour am\u00e9liorer l'exp\u00e9rience utilisateur sur notre site Web. En poursuivant votre navigation, vous consentez \u00e0 notre utilisation des cookies conform\u00e9ment \u00e0 notre politique en mati\u00e8re de cookies.","og_url":"https:\/\/advocaatreulens.be\/fr\/cookies-policy\/","og_site_name":"Advocaat Reulens","article_modified_time":"2023-05-25T17:00:02+00:00","twitter_card":"summary_large_image","twitter_misc":{"Dur\u00e9e de lecture estim\u00e9e":"2 minutes"},"schema":{"@context":"https:\/\/schema.org","@graph":[{"@type":"WebPage","@id":"https:\/\/advocaatreulens.be\/fr\/cookies-policy\/","url":"https:\/\/advocaatreulens.be\/fr\/cookies-policy\/","name":"Politique des cookies","isPartOf":{"@id":"https:\/\/13.39.96.236\/#website"},"datePublished":"2023-03-25T20:22:11+00:00","dateModified":"2023-05-25T17:00:02+00:00","description":"Politique des cookies Notre cabinet d'avocats utilise une politique de cookies pour am\u00e9liorer l'exp\u00e9rience utilisateur sur notre site Web. En poursuivant votre navigation, vous consentez \u00e0 notre utilisation des cookies conform\u00e9ment \u00e0 notre politique en mati\u00e8re de cookies.","breadcrumb":{"@id":"https:\/\/advocaatreulens.be\/fr\/cookies-policy\/#breadcrumb"},"inLanguage":"fr-FR","potentialAction":[{"@type":"ReadAction","target":["https:\/\/advocaatreulens.be\/fr\/cookies-policy\/"]}]},{"@type":"BreadcrumbList","@id":"https:\/\/advocaatreulens.be\/fr\/cookies-policy\/#breadcrumb","itemListElement":[{"@type":"ListItem","position":1,"name":"Home","item":"https:\/\/advocaatreulens.be\/fr\/"},{"@type":"ListItem","position":2,"name":"Cookies policy"}]},{"@type":"WebSite","@id":"https:\/\/13.39.96.236\/#website","url":"https:\/\/13.39.96.236\/","name":"Advocaat Reulens","description":"Legal Guidance in Corporate Governance","publisher":{"@id":"https:\/\/13.39.96.236\/#organization"},"potentialAction":[{"@type":"SearchAction","target":{"@type":"EntryPoint","urlTemplate":"https:\/\/13.39.96.236\/?s={search_term_string}"},"query-input":{"@type":"PropertyValueSpecification","valueRequired":true,"valueName":"search_term_string"}}],"inLanguage":"fr-FR"},{"@type":"Organization","@id":"https:\/\/13.39.96.236\/#organization","name":"Advocaat Reulens","url":"https:\/\/13.39.96.236\/","logo":{"@type":"ImageObject","inLanguage":"fr-FR","@id":"https:\/\/13.39.96.236\/#\/schema\/logo\/image\/","url":"https:\/\/advocaatreulens.be\/wp-content\/uploads\/2023\/03\/advocaat-reulens-martine-logo.svg","contentUrl":"https:\/\/advocaatreulens.be\/wp-content\/uploads\/2023\/03\/advocaat-reulens-martine-logo.svg","caption":"Advocaat Reulens"},"image":{"@id":"https:\/\/13.39.96.236\/#\/schema\/logo\/image\/"}}]}},"_links":{"self":[{"href":"https:\/\/advocaatreulens.be\/fr\/wp-json\/wp\/v2\/pages\/2411","targetHints":{"allow":["GET"]}}],"collection":[{"href":"https:\/\/advocaatreulens.be\/fr\/wp-json\/wp\/v2\/pages"}],"about":[{"href":"https:\/\/advocaatreulens.be\/fr\/wp-json\/wp\/v2\/types\/page"}],"author":[{"embeddable":true,"href":"https:\/\/advocaatreulens.be\/fr\/wp-json\/wp\/v2\/users\/1"}],"replies":[{"embeddable":true,"href":"https:\/\/advocaatreulens.be\/fr\/wp-json\/wp\/v2\/comments?post=2411"}],"version-history":[{"count":22,"href":"https:\/\/advocaatreulens.be\/fr\/wp-json\/wp\/v2\/pages\/2411\/revisions"}],"predecessor-version":[{"id":6126,"href":"https:\/\/advocaatreulens.be\/fr\/wp-json\/wp\/v2\/pages\/2411\/revisions\/6126"}],"wp:attachment":[{"href":"https:\/\/advocaatreulens.be\/fr\/wp-json\/wp\/v2\/media?parent=2411"}],"curies":[{"name":"wp","href":"https:\/\/api.w.org\/{rel}","templated":true}]}}