{"id":2299,"date":"2023-03-25T17:34:47","date_gmt":"2023-03-25T17:34:47","guid":{"rendered":"https:\/\/advocaatreulens.be\/visie\/"},"modified":"2023-04-13T05:54:28","modified_gmt":"2023-04-13T05:54:28","slug":"vision","status":"publish","type":"page","link":"https:\/\/advocaatreulens.be\/fr\/vision\/","title":{"rendered":"Vision"},"content":{"rendered":"\t\t<div data-elementor-type=\"wp-page\" data-elementor-id=\"2299\" class=\"elementor elementor-2299 elementor-22\" data-elementor-post-type=\"page\">\n\t\t\t\t\t\t<section class=\"elementor-section elementor-top-section elementor-element elementor-element-b60f973 elementor-section-boxed elementor-section-height-default elementor-section-height-default\" data-id=\"b60f973\" data-element_type=\"section\" data-e-type=\"section\" data-settings=\"{&quot;background_background&quot;:&quot;classic&quot;}\">\n\t\t\t\t\t\t<div class=\"elementor-container elementor-column-gap-no\">\n\t\t\t\t\t<div class=\"elementor-column elementor-col-100 elementor-top-column elementor-element elementor-element-73c53a2\" data-id=\"73c53a2\" data-element_type=\"column\" data-e-type=\"column\">\n\t\t\t<div class=\"elementor-widget-wrap elementor-element-populated\">\n\t\t\t\t\t\t<section class=\"elementor-section elementor-inner-section elementor-element elementor-element-b05554e elementor-section-full_width elementor-section-height-default elementor-section-height-default\" data-id=\"b05554e\" data-element_type=\"section\" data-e-type=\"section\" data-settings=\"{&quot;background_background&quot;:&quot;classic&quot;}\">\n\t\t\t\t\t\t<div class=\"elementor-container elementor-column-gap-no\">\n\t\t\t\t\t<div class=\"elementor-column elementor-col-33 elementor-inner-column elementor-element elementor-element-46fd8b0\" data-id=\"46fd8b0\" data-element_type=\"column\" data-e-type=\"column\" data-settings=\"{&quot;background_background&quot;:&quot;classic&quot;}\">\n\t\t\t<div class=\"elementor-widget-wrap elementor-element-populated\">\n\t\t\t\t\t\t<div class=\"elementor-element elementor-element-33d7a0e elementor-widget elementor-widget-heading\" data-id=\"33d7a0e\" data-element_type=\"widget\" data-e-type=\"widget\" data-widget_type=\"heading.default\">\n\t\t\t\t<div class=\"elementor-widget-container\">\n\t\t\t\t\t<h2 class=\"elementor-heading-title elementor-size-default\">Vision<\/h2>\t\t\t\t<\/div>\n\t\t\t\t<\/div>\n\t\t\t\t\t<\/div>\n\t\t<\/div>\n\t\t\t\t<div class=\"elementor-column elementor-col-33 elementor-inner-column elementor-element elementor-element-47ff50e\" data-id=\"47ff50e\" data-element_type=\"column\" data-e-type=\"column\" data-settings=\"{&quot;background_background&quot;:&quot;classic&quot;}\">\n\t\t\t<div class=\"elementor-widget-wrap elementor-element-populated\">\n\t\t\t\t\t\t<div class=\"elementor-element elementor-element-5646a54 elementor-widget elementor-widget-text-editor\" data-id=\"5646a54\" data-element_type=\"widget\" data-e-type=\"widget\" data-widget_type=\"text-editor.default\">\n\t\t\t\t<div class=\"elementor-widget-container\">\n\t\t\t\t\t\t\t\t\t<p><strong>Le succ\u00e8s est notre objectif commun<\/strong><\/p><p>Le succ\u00e8s de mes clients me donne une grande satisfaction. Cela me motive professionnellement de voir les entreprises se d\u00e9velopper et prosp\u00e9rer et de savoir que mon apport y contribue.<\/p><p>En tant qu&rsquo;avocat, je consid\u00e8re qu&rsquo;il est important d&rsquo;assister mes clients non seulement sur le plan juridique, mais \u00e9galement en leur fournissant des conseils pratiques et strat\u00e9giques qui les aideront \u00e0 atteindre leurs objectifs. Rien ne vaut des clients satisfaits et prosp\u00e8res.<\/p><p>Fi\u00e8re des relations de confiance que j&rsquo;ai \u00e9tablies au fil des ann\u00e9es, je m\u2019engage \u00e0 vous accompagner dans chaque \u00e9tape de votre projet et de vous offrir le meilleur soutien juridique.<\/p>\t\t\t\t\t\t\t\t<\/div>\n\t\t\t\t<\/div>\n\t\t\t\t\t<\/div>\n\t\t<\/div>\n\t\t\t\t<div class=\"elementor-column elementor-col-33 elementor-inner-column elementor-element elementor-element-366a008\" data-id=\"366a008\" data-element_type=\"column\" data-e-type=\"column\">\n\t\t\t<div class=\"elementor-widget-wrap elementor-element-populated\">\n\t\t\t\t\t\t<div class=\"elementor-element elementor-element-ebbf8b3 elementor-widget elementor-widget-image\" data-id=\"ebbf8b3\" data-element_type=\"widget\" data-e-type=\"widget\" data-widget_type=\"image.default\">\n\t\t\t\t<div class=\"elementor-widget-container\">\n\t\t\t\t\t\t\t\t\t\t\t\t\t\t\t<img fetchpriority=\"high\" decoding=\"async\" width=\"683\" height=\"1024\" src=\"https:\/\/advocaatreulens.be\/wp-content\/uploads\/2023\/04\/advocaat-reulens-martine_pic9-683x1024.jpg\" class=\"attachment-large size-large wp-image-5325\" alt=\"My Mission\" srcset=\"https:\/\/advocaatreulens.be\/wp-content\/uploads\/2023\/04\/advocaat-reulens-martine_pic9-683x1024.jpg 683w, https:\/\/advocaatreulens.be\/wp-content\/uploads\/2023\/04\/advocaat-reulens-martine_pic9-200x300.jpg 200w, https:\/\/advocaatreulens.be\/wp-content\/uploads\/2023\/04\/advocaat-reulens-martine_pic9-768x1151.jpg 768w, https:\/\/advocaatreulens.be\/wp-content\/uploads\/2023\/04\/advocaat-reulens-martine_pic9.jpg 870w\" sizes=\"(max-width: 683px) 100vw, 683px\" \/>\t\t\t\t\t\t\t\t\t\t\t\t\t\t\t<\/div>\n\t\t\t\t<\/div>\n\t\t\t\t\t<\/div>\n\t\t<\/div>\n\t\t\t\t\t<\/div>\n\t\t<\/section>\n\t\t\t\t<section class=\"elementor-section elementor-inner-section elementor-element elementor-element-024b172 elementor-section-full_width elementor-section-height-default elementor-section-height-default\" data-id=\"024b172\" data-element_type=\"section\" data-e-type=\"section\" data-settings=\"{&quot;background_background&quot;:&quot;classic&quot;}\">\n\t\t\t\t\t\t<div class=\"elementor-container elementor-column-gap-no\">\n\t\t\t\t\t<div class=\"elementor-column elementor-col-33 elementor-inner-column elementor-element elementor-element-5269d3a\" data-id=\"5269d3a\" data-element_type=\"column\" data-e-type=\"column\" data-settings=\"{&quot;background_background&quot;:&quot;classic&quot;}\">\n\t\t\t<div class=\"elementor-widget-wrap\">\n\t\t\t\t\t\t\t<\/div>\n\t\t<\/div>\n\t\t\t\t<div class=\"elementor-column elementor-col-33 elementor-inner-column elementor-element elementor-element-c3499cc\" data-id=\"c3499cc\" data-element_type=\"column\" data-e-type=\"column\" data-settings=\"{&quot;background_background&quot;:&quot;classic&quot;}\">\n\t\t\t<div class=\"elementor-widget-wrap\">\n\t\t\t\t\t\t\t<\/div>\n\t\t<\/div>\n\t\t\t\t<div class=\"elementor-column elementor-col-33 elementor-inner-column elementor-element elementor-element-91ec3a2\" data-id=\"91ec3a2\" data-element_type=\"column\" data-e-type=\"column\" data-settings=\"{&quot;background_background&quot;:&quot;classic&quot;}\">\n\t\t\t<div class=\"elementor-widget-wrap elementor-element-populated\">\n\t\t\t\t\t\t<div class=\"elementor-element elementor-element-2b3108c elementor-widget elementor-widget-text-editor\" data-id=\"2b3108c\" data-element_type=\"widget\" data-e-type=\"widget\" data-widget_type=\"text-editor.default\">\n\t\t\t\t<div class=\"elementor-widget-container\">\n\t\t\t\t\t\t\t\t\t<p>Je suis disponible pour \u00e9couter votre histoire<\/p>\t\t\t\t\t\t\t\t<\/div>\n\t\t\t\t<\/div>\n\t\t\t\t<div class=\"elementor-element elementor-element-2ce7054 elementor-align-right elementor-mobile-align-center meet_btn elementor-widget elementor-widget-button\" data-id=\"2ce7054\" data-element_type=\"widget\" data-e-type=\"widget\" data-widget_type=\"button.default\">\n\t\t\t\t<div class=\"elementor-widget-container\">\n\t\t\t\t\t\t\t\t\t<div class=\"elementor-button-wrapper\">\n\t\t\t\t\t<a class=\"elementor-button elementor-button-link elementor-size-xs\" href=\"https:\/\/calendar.app.google\/7QUZSmSHq7Bcxrts7\" target=\"_blank\">\n\t\t\t\t\t\t<span class=\"elementor-button-content-wrapper\">\n\t\t\t\t\t\t\t\t\t<span class=\"elementor-button-text\">LET'S MEET <span class=\"btn-hover-lets-meet\">Schedule a free online <br> meeting <span><\/span>\n\t\t\t\t\t<\/span>\n\t\t\t\t\t<\/a>\n\t\t\t\t<\/div>\n\t\t\t\t\t\t\t\t<\/div>\n\t\t\t\t<\/div>\n\t\t\t\t\t<\/div>\n\t\t<\/div>\n\t\t\t\t\t<\/div>\n\t\t<\/section>\n\t\t\t\t\t<\/div>\n\t\t<\/div>\n\t\t\t\t\t<\/div>\n\t\t<\/section>\n\t\t\t\t<section class=\"elementor-section elementor-top-section elementor-element elementor-element-aa420ec elementor-section-boxed elementor-section-height-default elementor-section-height-default\" data-id=\"aa420ec\" data-element_type=\"section\" data-e-type=\"section\" data-settings=\"{&quot;background_background&quot;:&quot;classic&quot;}\">\n\t\t\t\t\t\t<div class=\"elementor-container elementor-column-gap-no\">\n\t\t\t\t\t<div class=\"elementor-column elementor-col-100 elementor-top-column elementor-element elementor-element-46747b4\" data-id=\"46747b4\" data-element_type=\"column\" data-e-type=\"column\">\n\t\t\t<div class=\"elementor-widget-wrap elementor-element-populated\">\n\t\t\t\t\t\t<section class=\"elementor-section elementor-inner-section elementor-element elementor-element-a55f969 elementor-section-full_width elementor-section-height-default elementor-section-height-default\" data-id=\"a55f969\" data-element_type=\"section\" data-e-type=\"section\" data-settings=\"{&quot;background_background&quot;:&quot;classic&quot;}\">\n\t\t\t\t\t\t<div class=\"elementor-container elementor-column-gap-no\">\n\t\t\t\t\t<div class=\"elementor-column elementor-col-50 elementor-inner-column elementor-element elementor-element-53b08f6\" data-id=\"53b08f6\" data-element_type=\"column\" data-e-type=\"column\" data-settings=\"{&quot;background_background&quot;:&quot;classic&quot;}\">\n\t\t\t<div class=\"elementor-widget-wrap elementor-element-populated\">\n\t\t\t\t\t\t<div class=\"elementor-element elementor-element-3437d4d elementor-widget elementor-widget-heading\" data-id=\"3437d4d\" data-element_type=\"widget\" data-e-type=\"widget\" data-widget_type=\"heading.default\">\n\t\t\t\t<div class=\"elementor-widget-container\">\n\t\t\t\t\t<h2 class=\"elementor-heading-title elementor-size-default\">Comp\u00e9tences cl\u00e9s<\/h2>\t\t\t\t<\/div>\n\t\t\t\t<\/div>\n\t\t\t\t\t<\/div>\n\t\t<\/div>\n\t\t\t\t<div class=\"elementor-column elementor-col-50 elementor-inner-column elementor-element elementor-element-7d9dfc5\" data-id=\"7d9dfc5\" data-element_type=\"column\" data-e-type=\"column\">\n\t\t\t<div class=\"elementor-widget-wrap elementor-element-populated\">\n\t\t\t\t\t\t<div class=\"elementor-element elementor-element-52e08d9 elementor-widget elementor-widget-text-editor\" data-id=\"52e08d9\" data-element_type=\"widget\" data-e-type=\"widget\" data-widget_type=\"text-editor.default\">\n\t\t\t\t<div class=\"elementor-widget-container\">\n\t\t\t\t\t\t\t\t\t<p>&#8211; Une connaissance approfondie du droit. <br \/>&#8211; Un traitement rigoureux et efficace des dossiers en n\u00e9erlandais, fran\u00e7ais et anglais. <br \/>&#8211; Vaste exp\u00e9rience dans diff\u00e9rents secteurs et branches. <br \/>&#8211; Forte capacit\u00e9 d&rsquo;analyse et approche orient\u00e9e sur les r\u00e9sultats. <br \/>&#8211; Engagement personnel dans le succ\u00e8s de mes clients. <br \/>&#8211; Communication claire et tarifs transparents. <br \/>&#8211; Actif dans le Brabant flamand et wallon ainsi que dans l&rsquo;arrondissement de Bruxelles.\u00a0\u00bb<\/p>\t\t\t\t\t\t\t\t<\/div>\n\t\t\t\t<\/div>\n\t\t\t\t\t<\/div>\n\t\t<\/div>\n\t\t\t\t\t<\/div>\n\t\t<\/section>\n\t\t\t\t<section class=\"elementor-section elementor-inner-section elementor-element elementor-element-b1129a5 elementor-section-full_width elementor-section-height-default elementor-section-height-default\" data-id=\"b1129a5\" data-element_type=\"section\" data-e-type=\"section\" data-settings=\"{&quot;background_background&quot;:&quot;classic&quot;}\">\n\t\t\t\t\t\t<div class=\"elementor-container elementor-column-gap-no\">\n\t\t\t\t\t<div class=\"elementor-column elementor-col-33 elementor-inner-column elementor-element elementor-element-d1a5320\" data-id=\"d1a5320\" data-element_type=\"column\" data-e-type=\"column\">\n\t\t\t<div class=\"elementor-widget-wrap\">\n\t\t\t\t\t\t\t<\/div>\n\t\t<\/div>\n\t\t\t\t<div class=\"elementor-column elementor-col-33 elementor-inner-column elementor-element elementor-element-a8db3a6\" data-id=\"a8db3a6\" data-element_type=\"column\" data-e-type=\"column\">\n\t\t\t<div class=\"elementor-widget-wrap elementor-element-populated\">\n\t\t\t\t\t\t<div class=\"elementor-element elementor-element-b3bd580 elementor-align-center elementor-mobile-align-center elementor-widget elementor-widget-button\" data-id=\"b3bd580\" data-element_type=\"widget\" data-e-type=\"widget\" data-widget_type=\"button.default\">\n\t\t\t\t<div class=\"elementor-widget-container\">\n\t\t\t\t\t\t\t\t\t<div class=\"elementor-button-wrapper\">\n\t\t\t\t\t<a class=\"elementor-button elementor-button-link elementor-size-xs elementor-animation-float\" href=\"https:\/\/advocaatreulens.be\/fr\/tarifs\/\">\n\t\t\t\t\t\t<span class=\"elementor-button-content-wrapper\">\n\t\t\t\t\t\t\t\t\t<span class=\"elementor-button-text\">Tarifs<\/span>\n\t\t\t\t\t<\/span>\n\t\t\t\t\t<\/a>\n\t\t\t\t<\/div>\n\t\t\t\t\t\t\t\t<\/div>\n\t\t\t\t<\/div>\n\t\t\t\t\t<\/div>\n\t\t<\/div>\n\t\t\t\t<div class=\"elementor-column elementor-col-33 elementor-inner-column elementor-element elementor-element-833e79b\" data-id=\"833e79b\" data-element_type=\"column\" data-e-type=\"column\">\n\t\t\t<div class=\"elementor-widget-wrap\">\n\t\t\t\t\t\t\t<\/div>\n\t\t<\/div>\n\t\t\t\t\t<\/div>\n\t\t<\/section>\n\t\t\t\t\t<\/div>\n\t\t<\/div>\n\t\t\t\t\t<\/div>\n\t\t<\/section>\n\t\t\t\t<section class=\"elementor-section elementor-top-section elementor-element elementor-element-ed97561 elementor-section-boxed elementor-section-height-default elementor-section-height-default\" data-id=\"ed97561\" data-element_type=\"section\" data-e-type=\"section\" data-settings=\"{&quot;background_background&quot;:&quot;classic&quot;}\">\n\t\t\t\t\t\t<div class=\"elementor-container elementor-column-gap-no\">\n\t\t\t\t\t<div class=\"elementor-column elementor-col-100 elementor-top-column elementor-element elementor-element-d3af0e8\" data-id=\"d3af0e8\" data-element_type=\"column\" data-e-type=\"column\">\n\t\t\t<div class=\"elementor-widget-wrap elementor-element-populated\">\n\t\t\t\t\t\t<section class=\"elementor-section elementor-inner-section elementor-element elementor-element-b760e31 elementor-section-full_width elementor-section-height-default elementor-section-height-default\" data-id=\"b760e31\" data-element_type=\"section\" data-e-type=\"section\" data-settings=\"{&quot;background_background&quot;:&quot;classic&quot;}\">\n\t\t\t\t\t\t<div class=\"elementor-container elementor-column-gap-no\">\n\t\t\t\t\t<div class=\"elementor-column elementor-col-50 elementor-inner-column elementor-element elementor-element-95b1a7e\" data-id=\"95b1a7e\" data-element_type=\"column\" data-e-type=\"column\" data-settings=\"{&quot;background_background&quot;:&quot;classic&quot;}\">\n\t\t\t<div class=\"elementor-widget-wrap elementor-element-populated\">\n\t\t\t\t\t\t<div class=\"elementor-element elementor-element-7d6292b elementor-widget elementor-widget-heading\" data-id=\"7d6292b\" data-element_type=\"widget\" data-e-type=\"widget\" data-widget_type=\"heading.default\">\n\t\t\t\t<div class=\"elementor-widget-container\">\n\t\t\t\t\t<h2 class=\"elementor-heading-title elementor-size-default\">Legal Roadmap<\/h2>\t\t\t\t<\/div>\n\t\t\t\t<\/div>\n\t\t\t\t\t<\/div>\n\t\t<\/div>\n\t\t\t\t<div class=\"elementor-column elementor-col-50 elementor-inner-column elementor-element elementor-element-a124e69\" data-id=\"a124e69\" data-element_type=\"column\" data-e-type=\"column\">\n\t\t\t<div class=\"elementor-widget-wrap elementor-element-populated\">\n\t\t\t\t\t\t<div class=\"elementor-element elementor-element-0233afb elementor-widget elementor-widget-text-editor\" data-id=\"0233afb\" data-element_type=\"widget\" data-e-type=\"widget\" data-widget_type=\"text-editor.default\">\n\t\t\t\t<div class=\"elementor-widget-container\">\n\t\t\t\t\t\t\t\t\t<p><strong>Directe: un soutien juridique pratique et clair pour les entrepreneurs<\/strong><\/p><p>Je trouve important de fournir \u00e0 mes clients non seulement des conseils th\u00e9oriques, mais \u00e9galement un soutien pratique, en tant que partenaire strat\u00e9gique qui ma\u00eetrise tous les aspects du syst\u00e8me juridique belge.<\/p><p>Ensemble, nous pouvons \u00e9tablir un parcours juridique correspondant \u00e0 vos attentes, avec des objectifs clairement d\u00e9finis et des r\u00e9sultats concrets.<\/p><p>En renfor\u00e7ant les fondations juridiques de l&rsquo;entreprise, nous consolidons les bases pour une expansion durable et prosp\u00e8re.<\/p>\t\t\t\t\t\t\t\t<\/div>\n\t\t\t\t<\/div>\n\t\t\t\t\t<\/div>\n\t\t<\/div>\n\t\t\t\t\t<\/div>\n\t\t<\/section>\n\t\t\t\t\t<\/div>\n\t\t<\/div>\n\t\t\t\t\t<\/div>\n\t\t<\/section>\n\t\t\t\t<\/div>\n\t\t","protected":false},"excerpt":{"rendered":"<p>Vision Le succ\u00e8s est notre objectif commun Le succ\u00e8s de mes clients me donne une grande satisfaction. Cela me motive professionnellement de voir les entreprises se d\u00e9velopper et prosp\u00e9rer et de savoir que mon apport y contribue. En tant qu&rsquo;avocat, je consid\u00e8re qu&rsquo;il est important d&rsquo;assister mes clients non seulement sur le plan juridique, mais [&hellip;]<\/p>\n","protected":false},"author":1,"featured_media":0,"parent":0,"menu_order":0,"comment_status":"closed","ping_status":"closed","template":"elementor_header_footer","meta":{"footnotes":""},"class_list":["post-2299","page","type-page","status-publish","hentry","entry"],"yoast_head":"<!-- This site is optimized with the Yoast SEO plugin v27.3 - https:\/\/yoast.com\/product\/yoast-seo-wordpress\/ -->\n<title>Vision | Le succ\u00e8s est notre objectif commun<\/title>\n<meta name=\"description\" content=\"Vision - Fier de mes qualit\u00e9s relationnelles pour construire des relations de confiance totale, Le succ\u00e8s est notre objectif commun.\" \/>\n<meta name=\"robots\" content=\"index, follow, max-snippet:-1, max-image-preview:large, max-video-preview:-1\" \/>\n<link rel=\"canonical\" href=\"https:\/\/advocaatreulens.be\/fr\/vision\/\" \/>\n<meta property=\"og:locale\" content=\"fr_FR\" \/>\n<meta property=\"og:type\" content=\"article\" \/>\n<meta property=\"og:title\" content=\"Vision | Le succ\u00e8s est notre objectif commun\" \/>\n<meta property=\"og:description\" content=\"Vision - Fier de mes qualit\u00e9s relationnelles pour construire des relations de confiance totale, Le succ\u00e8s est notre objectif commun.\" \/>\n<meta property=\"og:url\" content=\"https:\/\/advocaatreulens.be\/fr\/vision\/\" \/>\n<meta property=\"og:site_name\" content=\"Advocaat Reulens\" \/>\n<meta property=\"article:modified_time\" content=\"2023-04-13T05:54:28+00:00\" \/>\n<meta property=\"og:image\" content=\"https:\/\/advocaatreulens.be\/wp-content\/uploads\/2023\/04\/advocaat-reulens-martine_pic9-683x1024.jpg\" \/>\n<meta name=\"twitter:card\" content=\"summary_large_image\" \/>\n<meta name=\"twitter:label1\" content=\"Dur\u00e9e de lecture estim\u00e9e\" \/>\n\t<meta name=\"twitter:data1\" content=\"2 minutes\" \/>\n<script type=\"application\/ld+json\" class=\"yoast-schema-graph\">{\"@context\":\"https:\\\/\\\/schema.org\",\"@graph\":[{\"@type\":\"WebPage\",\"@id\":\"https:\\\/\\\/advocaatreulens.be\\\/fr\\\/vision\\\/\",\"url\":\"https:\\\/\\\/advocaatreulens.be\\\/fr\\\/vision\\\/\",\"name\":\"Vision | Le succ\u00e8s est notre objectif commun\",\"isPartOf\":{\"@id\":\"https:\\\/\\\/advocaatreulens.be\\\/fr\\\/#website\"},\"primaryImageOfPage\":{\"@id\":\"https:\\\/\\\/advocaatreulens.be\\\/fr\\\/vision\\\/#primaryimage\"},\"image\":{\"@id\":\"https:\\\/\\\/advocaatreulens.be\\\/fr\\\/vision\\\/#primaryimage\"},\"thumbnailUrl\":\"http:\\\/\\\/advocaatreulens.be\\\/wp-content\\\/uploads\\\/2023\\\/04\\\/advocaat-reulens-martine_pic9-683x1024.jpg\",\"datePublished\":\"2023-03-25T17:34:47+00:00\",\"dateModified\":\"2023-04-13T05:54:28+00:00\",\"description\":\"Vision - Fier de mes qualit\u00e9s relationnelles pour construire des relations de confiance totale, Le succ\u00e8s est notre objectif commun.\",\"breadcrumb\":{\"@id\":\"https:\\\/\\\/advocaatreulens.be\\\/fr\\\/vision\\\/#breadcrumb\"},\"inLanguage\":\"fr-FR\",\"potentialAction\":[{\"@type\":\"ReadAction\",\"target\":[\"https:\\\/\\\/advocaatreulens.be\\\/fr\\\/vision\\\/\"]}]},{\"@type\":\"ImageObject\",\"inLanguage\":\"fr-FR\",\"@id\":\"https:\\\/\\\/advocaatreulens.be\\\/fr\\\/vision\\\/#primaryimage\",\"url\":\"http:\\\/\\\/advocaatreulens.be\\\/wp-content\\\/uploads\\\/2023\\\/04\\\/advocaat-reulens-martine_pic9-683x1024.jpg\",\"contentUrl\":\"http:\\\/\\\/advocaatreulens.be\\\/wp-content\\\/uploads\\\/2023\\\/04\\\/advocaat-reulens-martine_pic9-683x1024.jpg\"},{\"@type\":\"BreadcrumbList\",\"@id\":\"https:\\\/\\\/advocaatreulens.be\\\/fr\\\/vision\\\/#breadcrumb\",\"itemListElement\":[{\"@type\":\"ListItem\",\"position\":1,\"name\":\"Home\",\"item\":\"https:\\\/\\\/advocaatreulens.be\\\/fr\\\/\"},{\"@type\":\"ListItem\",\"position\":2,\"name\":\"Vision\"}]},{\"@type\":\"WebSite\",\"@id\":\"https:\\\/\\\/advocaatreulens.be\\\/fr\\\/#website\",\"url\":\"https:\\\/\\\/advocaatreulens.be\\\/fr\\\/\",\"name\":\"Advocaat Reulens\",\"description\":\"Legal Guidance in Corporate Governance\",\"publisher\":{\"@id\":\"https:\\\/\\\/advocaatreulens.be\\\/fr\\\/#organization\"},\"potentialAction\":[{\"@type\":\"SearchAction\",\"target\":{\"@type\":\"EntryPoint\",\"urlTemplate\":\"https:\\\/\\\/advocaatreulens.be\\\/fr\\\/?s={search_term_string}\"},\"query-input\":{\"@type\":\"PropertyValueSpecification\",\"valueRequired\":true,\"valueName\":\"search_term_string\"}}],\"inLanguage\":\"fr-FR\"},{\"@type\":\"Organization\",\"@id\":\"https:\\\/\\\/advocaatreulens.be\\\/fr\\\/#organization\",\"name\":\"Advocaat Reulens\",\"url\":\"https:\\\/\\\/advocaatreulens.be\\\/fr\\\/\",\"logo\":{\"@type\":\"ImageObject\",\"inLanguage\":\"fr-FR\",\"@id\":\"https:\\\/\\\/advocaatreulens.be\\\/fr\\\/#\\\/schema\\\/logo\\\/image\\\/\",\"url\":\"https:\\\/\\\/advocaatreulens.be\\\/wp-content\\\/uploads\\\/2023\\\/03\\\/advocaat-reulens-martine-logo.svg\",\"contentUrl\":\"https:\\\/\\\/advocaatreulens.be\\\/wp-content\\\/uploads\\\/2023\\\/03\\\/advocaat-reulens-martine-logo.svg\",\"caption\":\"Advocaat Reulens\"},\"image\":{\"@id\":\"https:\\\/\\\/advocaatreulens.be\\\/fr\\\/#\\\/schema\\\/logo\\\/image\\\/\"}}]}<\/script>\n<!-- \/ Yoast SEO plugin. -->","yoast_head_json":{"title":"Vision | Le succ\u00e8s est notre objectif commun","description":"Vision - Fier de mes qualit\u00e9s relationnelles pour construire des relations de confiance totale, Le succ\u00e8s est notre objectif commun.","robots":{"index":"index","follow":"follow","max-snippet":"max-snippet:-1","max-image-preview":"max-image-preview:large","max-video-preview":"max-video-preview:-1"},"canonical":"https:\/\/advocaatreulens.be\/fr\/vision\/","og_locale":"fr_FR","og_type":"article","og_title":"Vision | Le succ\u00e8s est notre objectif commun","og_description":"Vision - Fier de mes qualit\u00e9s relationnelles pour construire des relations de confiance totale, Le succ\u00e8s est notre objectif commun.","og_url":"https:\/\/advocaatreulens.be\/fr\/vision\/","og_site_name":"Advocaat Reulens","article_modified_time":"2023-04-13T05:54:28+00:00","og_image":[{"url":"https:\/\/advocaatreulens.be\/wp-content\/uploads\/2023\/04\/advocaat-reulens-martine_pic9-683x1024.jpg","type":"","width":"","height":""}],"twitter_card":"summary_large_image","twitter_misc":{"Dur\u00e9e de lecture estim\u00e9e":"2 minutes"},"schema":{"@context":"https:\/\/schema.org","@graph":[{"@type":"WebPage","@id":"https:\/\/advocaatreulens.be\/fr\/vision\/","url":"https:\/\/advocaatreulens.be\/fr\/vision\/","name":"Vision | Le succ\u00e8s est notre objectif commun","isPartOf":{"@id":"https:\/\/advocaatreulens.be\/fr\/#website"},"primaryImageOfPage":{"@id":"https:\/\/advocaatreulens.be\/fr\/vision\/#primaryimage"},"image":{"@id":"https:\/\/advocaatreulens.be\/fr\/vision\/#primaryimage"},"thumbnailUrl":"https:\/\/advocaatreulens.be\/wp-content\/uploads\/2023\/04\/advocaat-reulens-martine_pic9-683x1024.jpg","datePublished":"2023-03-25T17:34:47+00:00","dateModified":"2023-04-13T05:54:28+00:00","description":"Vision - Fier de mes qualit\u00e9s relationnelles pour construire des relations de confiance totale, Le succ\u00e8s est notre objectif commun.","breadcrumb":{"@id":"https:\/\/advocaatreulens.be\/fr\/vision\/#breadcrumb"},"inLanguage":"fr-FR","potentialAction":[{"@type":"ReadAction","target":["https:\/\/advocaatreulens.be\/fr\/vision\/"]}]},{"@type":"ImageObject","inLanguage":"fr-FR","@id":"https:\/\/advocaatreulens.be\/fr\/vision\/#primaryimage","url":"https:\/\/advocaatreulens.be\/wp-content\/uploads\/2023\/04\/advocaat-reulens-martine_pic9-683x1024.jpg","contentUrl":"https:\/\/advocaatreulens.be\/wp-content\/uploads\/2023\/04\/advocaat-reulens-martine_pic9-683x1024.jpg"},{"@type":"BreadcrumbList","@id":"https:\/\/advocaatreulens.be\/fr\/vision\/#breadcrumb","itemListElement":[{"@type":"ListItem","position":1,"name":"Home","item":"https:\/\/advocaatreulens.be\/fr\/"},{"@type":"ListItem","position":2,"name":"Vision"}]},{"@type":"WebSite","@id":"https:\/\/advocaatreulens.be\/fr\/#website","url":"https:\/\/advocaatreulens.be\/fr\/","name":"Advocaat Reulens","description":"Legal Guidance in Corporate Governance","publisher":{"@id":"https:\/\/advocaatreulens.be\/fr\/#organization"},"potentialAction":[{"@type":"SearchAction","target":{"@type":"EntryPoint","urlTemplate":"https:\/\/advocaatreulens.be\/fr\/?s={search_term_string}"},"query-input":{"@type":"PropertyValueSpecification","valueRequired":true,"valueName":"search_term_string"}}],"inLanguage":"fr-FR"},{"@type":"Organization","@id":"https:\/\/advocaatreulens.be\/fr\/#organization","name":"Advocaat Reulens","url":"https:\/\/advocaatreulens.be\/fr\/","logo":{"@type":"ImageObject","inLanguage":"fr-FR","@id":"https:\/\/advocaatreulens.be\/fr\/#\/schema\/logo\/image\/","url":"https:\/\/advocaatreulens.be\/wp-content\/uploads\/2023\/03\/advocaat-reulens-martine-logo.svg","contentUrl":"https:\/\/advocaatreulens.be\/wp-content\/uploads\/2023\/03\/advocaat-reulens-martine-logo.svg","caption":"Advocaat Reulens"},"image":{"@id":"https:\/\/advocaatreulens.be\/fr\/#\/schema\/logo\/image\/"}}]}},"_links":{"self":[{"href":"https:\/\/advocaatreulens.be\/fr\/wp-json\/wp\/v2\/pages\/2299","targetHints":{"allow":["GET"]}}],"collection":[{"href":"https:\/\/advocaatreulens.be\/fr\/wp-json\/wp\/v2\/pages"}],"about":[{"href":"https:\/\/advocaatreulens.be\/fr\/wp-json\/wp\/v2\/types\/page"}],"author":[{"embeddable":true,"href":"https:\/\/advocaatreulens.be\/fr\/wp-json\/wp\/v2\/users\/1"}],"replies":[{"embeddable":true,"href":"https:\/\/advocaatreulens.be\/fr\/wp-json\/wp\/v2\/comments?post=2299"}],"version-history":[{"count":251,"href":"https:\/\/advocaatreulens.be\/fr\/wp-json\/wp\/v2\/pages\/2299\/revisions"}],"predecessor-version":[{"id":6090,"href":"https:\/\/advocaatreulens.be\/fr\/wp-json\/wp\/v2\/pages\/2299\/revisions\/6090"}],"wp:attachment":[{"href":"https:\/\/advocaatreulens.be\/fr\/wp-json\/wp\/v2\/media?parent=2299"}],"curies":[{"name":"wp","href":"https:\/\/api.w.org\/{rel}","templated":true}]}}