{"id":2291,"date":"2023-03-25T17:36:04","date_gmt":"2023-03-25T17:36:04","guid":{"rendered":"https:\/\/advocaatreulens.be\/contact\/"},"modified":"2023-04-13T06:02:34","modified_gmt":"2023-04-13T06:02:34","slug":"contact","status":"publish","type":"page","link":"https:\/\/advocaatreulens.be\/fr\/contact\/","title":{"rendered":"Contact"},"content":{"rendered":"\t\t<div data-elementor-type=\"wp-page\" data-elementor-id=\"2291\" class=\"elementor elementor-2291 elementor-26\" data-elementor-post-type=\"page\">\n\t\t\t\t\t\t<section class=\"elementor-section elementor-top-section elementor-element elementor-element-db0e558 elementor-section-boxed elementor-section-height-default elementor-section-height-default\" data-id=\"db0e558\" data-element_type=\"section\" data-e-type=\"section\" data-settings=\"{&quot;background_background&quot;:&quot;classic&quot;}\">\n\t\t\t\t\t\t<div class=\"elementor-container elementor-column-gap-default\">\n\t\t\t\t\t<div class=\"elementor-column elementor-col-100 elementor-top-column elementor-element elementor-element-ee7d5b5\" data-id=\"ee7d5b5\" data-element_type=\"column\" data-e-type=\"column\" data-settings=\"{&quot;background_background&quot;:&quot;classic&quot;}\">\n\t\t\t<div class=\"elementor-widget-wrap elementor-element-populated\">\n\t\t\t\t\t\t<section class=\"elementor-section elementor-inner-section elementor-element elementor-element-dd2ced9 elementor-section-full_width elementor-reverse-mobile elementor-section-height-default elementor-section-height-default\" data-id=\"dd2ced9\" data-element_type=\"section\" data-e-type=\"section\">\n\t\t\t\t\t\t<div class=\"elementor-container elementor-column-gap-no\">\n\t\t\t\t\t<div class=\"elementor-column elementor-col-33 elementor-inner-column elementor-element elementor-element-fa78a84\" data-id=\"fa78a84\" data-element_type=\"column\" data-e-type=\"column\">\n\t\t\t<div class=\"elementor-widget-wrap elementor-element-populated\">\n\t\t\t\t\t\t<div class=\"elementor-element elementor-element-f9e88db elementor-widget elementor-widget-text-editor\" data-id=\"f9e88db\" data-element_type=\"widget\" data-e-type=\"widget\" data-widget_type=\"text-editor.default\">\n\t\t\t\t<div class=\"elementor-widget-container\">\n\t\t\t\t\t\t\t\t\t<p>Adresse<\/p><p>Advocaat Reulens<br \/>Zevenbronnenstraat 100<br \/>1653 Dworp<\/p><p><a href=\"https:\/\/www.google.com\/maps\/place\/Advocaat+Reulens\/@50.7262194,4.3152293,17z\/data=!3m1!4b1!4m6!3m5!1s0x47c3cf1fad0fdf47:0x2760b9593e91adce!8m2!3d50.726216!4d4.3178042!16s%2Fg%2F11bzx2sx55\" target=\"_blank\" rel=\"noopener\"><span style=\"color: #f7931e;\">Open in Google maps<\/span><\/a><\/p>\t\t\t\t\t\t\t\t<\/div>\n\t\t\t\t<\/div>\n\t\t\t\t\t<\/div>\n\t\t<\/div>\n\t\t\t\t<div class=\"elementor-column elementor-col-33 elementor-inner-column elementor-element elementor-element-efe2710 elementor-hidden-mobile\" data-id=\"efe2710\" data-element_type=\"column\" data-e-type=\"column\">\n\t\t\t<div class=\"elementor-widget-wrap\">\n\t\t\t\t\t\t\t<\/div>\n\t\t<\/div>\n\t\t\t\t<div class=\"elementor-column elementor-col-33 elementor-inner-column elementor-element elementor-element-55a7b2e\" data-id=\"55a7b2e\" data-element_type=\"column\" data-e-type=\"column\" data-settings=\"{&quot;background_background&quot;:&quot;classic&quot;}\">\n\t\t\t<div class=\"elementor-widget-wrap elementor-element-populated\">\n\t\t\t\t\t\t<div class=\"elementor-element elementor-element-42f37fd elementor-widget elementor-widget-spacer\" data-id=\"42f37fd\" data-element_type=\"widget\" data-e-type=\"widget\" data-widget_type=\"spacer.default\">\n\t\t\t\t<div class=\"elementor-widget-container\">\n\t\t\t\t\t\t\t<div class=\"elementor-spacer\">\n\t\t\t<div class=\"elementor-spacer-inner\"><\/div>\n\t\t<\/div>\n\t\t\t\t\t\t<\/div>\n\t\t\t\t<\/div>\n\t\t\t\t\t<\/div>\n\t\t<\/div>\n\t\t\t\t\t<\/div>\n\t\t<\/section>\n\t\t\t\t\t<\/div>\n\t\t<\/div>\n\t\t\t\t\t<\/div>\n\t\t<\/section>\n\t\t\t\t<section class=\"elementor-section elementor-top-section elementor-element elementor-element-edf7bff elementor-section-boxed elementor-section-height-default elementor-section-height-default\" data-id=\"edf7bff\" data-element_type=\"section\" data-e-type=\"section\">\n\t\t\t\t\t\t<div class=\"elementor-container elementor-column-gap-no\">\n\t\t\t\t\t<div class=\"elementor-column elementor-col-100 elementor-top-column elementor-element elementor-element-2405184\" data-id=\"2405184\" data-element_type=\"column\" data-e-type=\"column\">\n\t\t\t<div class=\"elementor-widget-wrap elementor-element-populated\">\n\t\t\t\t\t\t<section class=\"elementor-section elementor-inner-section elementor-element elementor-element-316619a elementor-section-full_width elementor-section-height-default elementor-section-height-default\" data-id=\"316619a\" data-element_type=\"section\" data-e-type=\"section\">\n\t\t\t\t\t\t<div class=\"elementor-container elementor-column-gap-no\">\n\t\t\t\t\t<div class=\"elementor-column elementor-col-33 elementor-inner-column elementor-element elementor-element-e9a16ca elementor-hidden-mobile\" data-id=\"e9a16ca\" data-element_type=\"column\" data-e-type=\"column\" data-settings=\"{&quot;background_background&quot;:&quot;classic&quot;}\">\n\t\t\t<div class=\"elementor-widget-wrap\">\n\t\t\t\t\t\t\t<\/div>\n\t\t<\/div>\n\t\t\t\t<div class=\"elementor-column elementor-col-33 elementor-inner-column elementor-element elementor-element-672479b\" data-id=\"672479b\" data-element_type=\"column\" data-e-type=\"column\" data-settings=\"{&quot;background_background&quot;:&quot;classic&quot;}\">\n\t\t\t<div class=\"elementor-widget-wrap elementor-element-populated\">\n\t\t\t\t\t\t<div class=\"elementor-element elementor-element-92fffbb elementor-widget elementor-widget-text-editor\" data-id=\"92fffbb\" data-element_type=\"widget\" data-e-type=\"widget\" data-widget_type=\"text-editor.default\">\n\t\t\t\t<div class=\"elementor-widget-container\">\n\t\t\t\t\t\t\t\t\t<p>Vous pouvez me contacter par t\u00e9l\u00e9phone de 08h \u2013 13h.<\/p><p>Tel. 02 305 91 68<\/p>\t\t\t\t\t\t\t\t<\/div>\n\t\t\t\t<\/div>\n\t\t\t\t\t<\/div>\n\t\t<\/div>\n\t\t\t\t<div class=\"elementor-column elementor-col-33 elementor-inner-column elementor-element elementor-element-4372bec elementor-hidden-mobile\" data-id=\"4372bec\" data-element_type=\"column\" data-e-type=\"column\">\n\t\t\t<div class=\"elementor-widget-wrap\">\n\t\t\t\t\t\t\t<\/div>\n\t\t<\/div>\n\t\t\t\t\t<\/div>\n\t\t<\/section>\n\t\t\t\t\t<\/div>\n\t\t<\/div>\n\t\t\t\t\t<\/div>\n\t\t<\/section>\n\t\t\t\t<section class=\"elementor-section elementor-top-section elementor-element elementor-element-62eab3d elementor-section-boxed elementor-section-height-default elementor-section-height-default\" data-id=\"62eab3d\" data-element_type=\"section\" data-e-type=\"section\" data-settings=\"{&quot;background_background&quot;:&quot;classic&quot;}\">\n\t\t\t\t\t\t<div class=\"elementor-container elementor-column-gap-no\">\n\t\t\t\t\t<div class=\"elementor-column elementor-col-100 elementor-top-column elementor-element elementor-element-aa461c6\" data-id=\"aa461c6\" data-element_type=\"column\" data-e-type=\"column\">\n\t\t\t<div class=\"elementor-widget-wrap elementor-element-populated\">\n\t\t\t\t\t\t<section class=\"elementor-section elementor-inner-section elementor-element elementor-element-7c647ee elementor-section-content-middle elementor-reverse-mobile elementor-section-boxed elementor-section-height-default elementor-section-height-default\" data-id=\"7c647ee\" data-element_type=\"section\" data-e-type=\"section\">\n\t\t\t\t\t\t<div class=\"elementor-container elementor-column-gap-default\">\n\t\t\t\t\t<div class=\"elementor-column elementor-col-33 elementor-inner-column elementor-element elementor-element-2532a5b\" data-id=\"2532a5b\" data-element_type=\"column\" data-e-type=\"column\">\n\t\t\t<div class=\"elementor-widget-wrap\">\n\t\t\t\t\t\t\t<\/div>\n\t\t<\/div>\n\t\t\t\t<div class=\"elementor-column elementor-col-33 elementor-inner-column elementor-element elementor-element-15a7f7c\" data-id=\"15a7f7c\" data-element_type=\"column\" data-e-type=\"column\">\n\t\t\t<div class=\"elementor-widget-wrap elementor-element-populated\">\n\t\t\t\t\t\t<div class=\"elementor-element elementor-element-adbe376 elementor-widget elementor-widget-image\" data-id=\"adbe376\" data-element_type=\"widget\" data-e-type=\"widget\" data-widget_type=\"image.default\">\n\t\t\t\t<div class=\"elementor-widget-container\">\n\t\t\t\t\t\t\t\t\t\t\t\t\t\t\t<img fetchpriority=\"high\" decoding=\"async\" width=\"300\" height=\"300\" src=\"https:\/\/advocaatreulens.be\/wp-content\/uploads\/2023\/04\/advocaat-reulens-contact-QR_pic15-300x300.jpg\" class=\"attachment-medium size-medium wp-image-5464\" alt=\"contact\" srcset=\"https:\/\/advocaatreulens.be\/wp-content\/uploads\/2023\/04\/advocaat-reulens-contact-QR_pic15-300x300.jpg 300w, https:\/\/advocaatreulens.be\/wp-content\/uploads\/2023\/04\/advocaat-reulens-contact-QR_pic15-150x150.jpg 150w, https:\/\/advocaatreulens.be\/wp-content\/uploads\/2023\/04\/advocaat-reulens-contact-QR_pic15.jpg 436w\" sizes=\"(max-width: 300px) 100vw, 300px\" \/>\t\t\t\t\t\t\t\t\t\t\t\t\t\t\t<\/div>\n\t\t\t\t<\/div>\n\t\t\t\t\t<\/div>\n\t\t<\/div>\n\t\t\t\t<div class=\"elementor-column elementor-col-33 elementor-inner-column elementor-element elementor-element-cc25c23\" data-id=\"cc25c23\" data-element_type=\"column\" data-e-type=\"column\" data-settings=\"{&quot;background_background&quot;:&quot;classic&quot;}\">\n\t\t\t<div class=\"elementor-widget-wrap elementor-element-populated\">\n\t\t\t\t\t\t<div class=\"elementor-element elementor-element-c9b235c elementor-widget elementor-widget-text-editor\" data-id=\"c9b235c\" data-element_type=\"widget\" data-e-type=\"widget\" data-widget_type=\"text-editor.default\">\n\t\t\t\t<div class=\"elementor-widget-container\">\n\t\t\t\t\t\t\t\t\t<p>Vous pr\u00e9f\u00e9rez m\u2019adresser un courriel.<br \/>J\u2019y r\u00e9pondrai dans les plus brefs d\u00e9lais,<\/p>\t\t\t\t\t\t\t\t<\/div>\n\t\t\t\t<\/div>\n\t\t\t\t<div class=\"elementor-element elementor-element-3b9ce5d elementor-widget__width-auto elementor-widget elementor-widget-text-editor\" data-id=\"3b9ce5d\" data-element_type=\"widget\" data-e-type=\"widget\" id=\"copyMail\" data-title=\"hello@advocaatreulens.be\" tooltip=\"Copy\" data-widget_type=\"text-editor.default\">\n\t\t\t\t<div class=\"elementor-widget-container\">\n\t\t\t\t\t\t\t\t\t<p>mailto: hello@advocaatreulens.be<\/p>\t\t\t\t\t\t\t\t<\/div>\n\t\t\t\t<\/div>\n\t\t\t\t\t<\/div>\n\t\t<\/div>\n\t\t\t\t\t<\/div>\n\t\t<\/section>\n\t\t\t\t\t<\/div>\n\t\t<\/div>\n\t\t\t\t\t<\/div>\n\t\t<\/section>\n\t\t\t\t<section class=\"elementor-section elementor-top-section elementor-element elementor-element-8e48853 elementor-section-boxed elementor-section-height-default elementor-section-height-default\" data-id=\"8e48853\" data-element_type=\"section\" data-e-type=\"section\" data-settings=\"{&quot;background_background&quot;:&quot;classic&quot;}\">\n\t\t\t\t\t\t<div class=\"elementor-container elementor-column-gap-default\">\n\t\t\t\t\t<div class=\"elementor-column elementor-col-100 elementor-top-column elementor-element elementor-element-9bfeb81\" data-id=\"9bfeb81\" data-element_type=\"column\" data-e-type=\"column\">\n\t\t\t<div class=\"elementor-widget-wrap elementor-element-populated\">\n\t\t\t\t\t\t<div class=\"elementor-element elementor-element-9cdf823 elementor-widget elementor-widget-heading\" data-id=\"9cdf823\" data-element_type=\"widget\" data-e-type=\"widget\" data-widget_type=\"heading.default\">\n\t\t\t\t<div class=\"elementor-widget-container\">\n\t\t\t\t\t<h2 class=\"elementor-heading-title elementor-size-default\">Planifiez votre vid\u00e9o conf\u00e9r\u00e9rence<\/h2>\t\t\t\t<\/div>\n\t\t\t\t<\/div>\n\t\t\t\t<section class=\"elementor-section elementor-inner-section elementor-element elementor-element-f9b0dbc elementor-section-full_width elementor-section-height-default elementor-section-height-default\" data-id=\"f9b0dbc\" data-element_type=\"section\" data-e-type=\"section\" data-settings=\"{&quot;background_background&quot;:&quot;classic&quot;}\">\n\t\t\t\t\t\t<div class=\"elementor-container elementor-column-gap-default\">\n\t\t\t\t\t<div class=\"elementor-column elementor-col-100 elementor-inner-column elementor-element elementor-element-d6d5ca7\" data-id=\"d6d5ca7\" data-element_type=\"column\" data-e-type=\"column\">\n\t\t\t<div class=\"elementor-widget-wrap elementor-element-populated\">\n\t\t\t\t\t\t<div class=\"elementor-element elementor-element-19fccfe elementor-widget elementor-widget-shortcode\" data-id=\"19fccfe\" data-element_type=\"widget\" data-e-type=\"widget\" data-widget_type=\"shortcode.default\">\n\t\t\t\t<div class=\"elementor-widget-container\">\n\t\t\t\t\t<!-- Google Calendar Appointment Scheduling begin FR--> \n<div class=\"calendarCode\">\n<iframe src=\"https:\/\/calendar.google.com\/calendar\/appointments\/schedules\/AcZssZ1qAOChBSCctEb6imGtWMZdBRX2AowiskbgLzvcnmY96Dhc9AzjJPmr7QuI-uhNSNL52NQObHt7?gv=true\" style=\"border: 0\" width=\"100%\" height=\"600\" frameborder=\"0\"><\/iframe> \n<\/div>\n<!-- end Google Calendar Appointment Scheduling --> \n\t\t<div class=\"elementor-shortcode\"><\/div>\n\t\t\t\t\t\t<\/div>\n\t\t\t\t<\/div>\n\t\t\t\t\t<\/div>\n\t\t<\/div>\n\t\t\t\t\t<\/div>\n\t\t<\/section>\n\t\t\t\t\t<\/div>\n\t\t<\/div>\n\t\t\t\t\t<\/div>\n\t\t<\/section>\n\t\t\t\t<\/div>\n\t\t","protected":false},"excerpt":{"rendered":"<p>Adresse Advocaat Reulens Zevenbronnenstraat 100 1653 Dworp Open in Google maps Vous pouvez me contacter par t\u00e9l\u00e9phone de 08h \u2013 13h. Tel. 02 305 91 68 Vous pr\u00e9f\u00e9rez m\u2019adresser un courriel. J\u2019y r\u00e9pondrai dans les plus brefs d\u00e9lais, mailto: hello@advocaatreulens.be Planifiez votre vid\u00e9o conf\u00e9r\u00e9rence<\/p>\n","protected":false},"author":1,"featured_media":0,"parent":0,"menu_order":0,"comment_status":"closed","ping_status":"closed","template":"elementor_header_footer","meta":{"footnotes":""},"class_list":["post-2291","page","type-page","status-publish","hentry","entry"],"yoast_head":"<!-- This site is optimized with the Yoast SEO plugin v27.3 - https:\/\/yoast.com\/product\/yoast-seo-wordpress\/ -->\n<title>Contact | Cabinet d&#039;avocats ind\u00e9pendant belge<\/title>\n<meta name=\"description\" content=\"Contact Ou Vous cherchez un cabinet d&#039;avocats ind\u00e9pendant en Belgique ? Contactez-nous pour des services juridiques personnalis\u00e9s adapt\u00e9s \u00e0 vos besoins\" \/>\n<meta name=\"robots\" content=\"index, follow, max-snippet:-1, max-image-preview:large, max-video-preview:-1\" \/>\n<link rel=\"canonical\" href=\"https:\/\/advocaatreulens.be\/fr\/contact\/\" \/>\n<meta property=\"og:locale\" content=\"fr_FR\" \/>\n<meta property=\"og:type\" content=\"article\" \/>\n<meta property=\"og:title\" content=\"Contact | Cabinet d&#039;avocats ind\u00e9pendant belge\" \/>\n<meta property=\"og:description\" content=\"Contact Ou Vous cherchez un cabinet d&#039;avocats ind\u00e9pendant en Belgique ? Contactez-nous pour des services juridiques personnalis\u00e9s adapt\u00e9s \u00e0 vos besoins\" \/>\n<meta property=\"og:url\" content=\"https:\/\/advocaatreulens.be\/fr\/contact\/\" \/>\n<meta property=\"og:site_name\" content=\"Advocaat Reulens\" \/>\n<meta property=\"article:modified_time\" content=\"2023-04-13T06:02:34+00:00\" \/>\n<meta property=\"og:image\" content=\"https:\/\/advocaatreulens.be\/wp-content\/uploads\/2023\/04\/advocaat-reulens-contact-QR_pic15-300x300.jpg\" \/>\n<meta name=\"twitter:card\" content=\"summary_large_image\" \/>\n<meta name=\"twitter:label1\" content=\"Dur\u00e9e de lecture estim\u00e9e\" \/>\n\t<meta name=\"twitter:data1\" content=\"1 minute\" \/>\n<script type=\"application\/ld+json\" class=\"yoast-schema-graph\">{\"@context\":\"https:\\\/\\\/schema.org\",\"@graph\":[{\"@type\":\"WebPage\",\"@id\":\"https:\\\/\\\/advocaatreulens.be\\\/fr\\\/contact\\\/\",\"url\":\"https:\\\/\\\/advocaatreulens.be\\\/fr\\\/contact\\\/\",\"name\":\"Contact | Cabinet d'avocats ind\u00e9pendant belge\",\"isPartOf\":{\"@id\":\"https:\\\/\\\/advocaatreulens.be\\\/fr\\\/#website\"},\"primaryImageOfPage\":{\"@id\":\"https:\\\/\\\/advocaatreulens.be\\\/fr\\\/contact\\\/#primaryimage\"},\"image\":{\"@id\":\"https:\\\/\\\/advocaatreulens.be\\\/fr\\\/contact\\\/#primaryimage\"},\"thumbnailUrl\":\"http:\\\/\\\/advocaatreulens.be\\\/wp-content\\\/uploads\\\/2023\\\/04\\\/advocaat-reulens-contact-QR_pic15-300x300.jpg\",\"datePublished\":\"2023-03-25T17:36:04+00:00\",\"dateModified\":\"2023-04-13T06:02:34+00:00\",\"description\":\"Contact Ou Vous cherchez un cabinet d'avocats ind\u00e9pendant en Belgique ? Contactez-nous pour des services juridiques personnalis\u00e9s adapt\u00e9s \u00e0 vos besoins\",\"breadcrumb\":{\"@id\":\"https:\\\/\\\/advocaatreulens.be\\\/fr\\\/contact\\\/#breadcrumb\"},\"inLanguage\":\"fr-FR\",\"potentialAction\":[{\"@type\":\"ReadAction\",\"target\":[\"https:\\\/\\\/advocaatreulens.be\\\/fr\\\/contact\\\/\"]}]},{\"@type\":\"ImageObject\",\"inLanguage\":\"fr-FR\",\"@id\":\"https:\\\/\\\/advocaatreulens.be\\\/fr\\\/contact\\\/#primaryimage\",\"url\":\"http:\\\/\\\/advocaatreulens.be\\\/wp-content\\\/uploads\\\/2023\\\/04\\\/advocaat-reulens-contact-QR_pic15-300x300.jpg\",\"contentUrl\":\"http:\\\/\\\/advocaatreulens.be\\\/wp-content\\\/uploads\\\/2023\\\/04\\\/advocaat-reulens-contact-QR_pic15-300x300.jpg\"},{\"@type\":\"BreadcrumbList\",\"@id\":\"https:\\\/\\\/advocaatreulens.be\\\/fr\\\/contact\\\/#breadcrumb\",\"itemListElement\":[{\"@type\":\"ListItem\",\"position\":1,\"name\":\"Home\",\"item\":\"https:\\\/\\\/advocaatreulens.be\\\/fr\\\/\"},{\"@type\":\"ListItem\",\"position\":2,\"name\":\"Contact\"}]},{\"@type\":\"WebSite\",\"@id\":\"https:\\\/\\\/advocaatreulens.be\\\/fr\\\/#website\",\"url\":\"https:\\\/\\\/advocaatreulens.be\\\/fr\\\/\",\"name\":\"Advocaat Reulens\",\"description\":\"Legal Guidance in Corporate Governance\",\"publisher\":{\"@id\":\"https:\\\/\\\/advocaatreulens.be\\\/fr\\\/#organization\"},\"potentialAction\":[{\"@type\":\"SearchAction\",\"target\":{\"@type\":\"EntryPoint\",\"urlTemplate\":\"https:\\\/\\\/advocaatreulens.be\\\/fr\\\/?s={search_term_string}\"},\"query-input\":{\"@type\":\"PropertyValueSpecification\",\"valueRequired\":true,\"valueName\":\"search_term_string\"}}],\"inLanguage\":\"fr-FR\"},{\"@type\":\"Organization\",\"@id\":\"https:\\\/\\\/advocaatreulens.be\\\/fr\\\/#organization\",\"name\":\"Advocaat Reulens\",\"url\":\"https:\\\/\\\/advocaatreulens.be\\\/fr\\\/\",\"logo\":{\"@type\":\"ImageObject\",\"inLanguage\":\"fr-FR\",\"@id\":\"https:\\\/\\\/advocaatreulens.be\\\/fr\\\/#\\\/schema\\\/logo\\\/image\\\/\",\"url\":\"https:\\\/\\\/advocaatreulens.be\\\/wp-content\\\/uploads\\\/2023\\\/03\\\/advocaat-reulens-martine-logo.svg\",\"contentUrl\":\"https:\\\/\\\/advocaatreulens.be\\\/wp-content\\\/uploads\\\/2023\\\/03\\\/advocaat-reulens-martine-logo.svg\",\"caption\":\"Advocaat Reulens\"},\"image\":{\"@id\":\"https:\\\/\\\/advocaatreulens.be\\\/fr\\\/#\\\/schema\\\/logo\\\/image\\\/\"}}]}<\/script>\n<!-- \/ Yoast SEO plugin. -->","yoast_head_json":{"title":"Contact | Cabinet d'avocats ind\u00e9pendant belge","description":"Contact Ou Vous cherchez un cabinet d'avocats ind\u00e9pendant en Belgique ? Contactez-nous pour des services juridiques personnalis\u00e9s adapt\u00e9s \u00e0 vos besoins","robots":{"index":"index","follow":"follow","max-snippet":"max-snippet:-1","max-image-preview":"max-image-preview:large","max-video-preview":"max-video-preview:-1"},"canonical":"https:\/\/advocaatreulens.be\/fr\/contact\/","og_locale":"fr_FR","og_type":"article","og_title":"Contact | Cabinet d'avocats ind\u00e9pendant belge","og_description":"Contact Ou Vous cherchez un cabinet d'avocats ind\u00e9pendant en Belgique ? Contactez-nous pour des services juridiques personnalis\u00e9s adapt\u00e9s \u00e0 vos besoins","og_url":"https:\/\/advocaatreulens.be\/fr\/contact\/","og_site_name":"Advocaat Reulens","article_modified_time":"2023-04-13T06:02:34+00:00","og_image":[{"url":"https:\/\/advocaatreulens.be\/wp-content\/uploads\/2023\/04\/advocaat-reulens-contact-QR_pic15-300x300.jpg","type":"","width":"","height":""}],"twitter_card":"summary_large_image","twitter_misc":{"Dur\u00e9e de lecture estim\u00e9e":"1 minute"},"schema":{"@context":"https:\/\/schema.org","@graph":[{"@type":"WebPage","@id":"https:\/\/advocaatreulens.be\/fr\/contact\/","url":"https:\/\/advocaatreulens.be\/fr\/contact\/","name":"Contact | Cabinet d'avocats ind\u00e9pendant belge","isPartOf":{"@id":"https:\/\/advocaatreulens.be\/fr\/#website"},"primaryImageOfPage":{"@id":"https:\/\/advocaatreulens.be\/fr\/contact\/#primaryimage"},"image":{"@id":"https:\/\/advocaatreulens.be\/fr\/contact\/#primaryimage"},"thumbnailUrl":"https:\/\/advocaatreulens.be\/wp-content\/uploads\/2023\/04\/advocaat-reulens-contact-QR_pic15-300x300.jpg","datePublished":"2023-03-25T17:36:04+00:00","dateModified":"2023-04-13T06:02:34+00:00","description":"Contact Ou Vous cherchez un cabinet d'avocats ind\u00e9pendant en Belgique ? Contactez-nous pour des services juridiques personnalis\u00e9s adapt\u00e9s \u00e0 vos besoins","breadcrumb":{"@id":"https:\/\/advocaatreulens.be\/fr\/contact\/#breadcrumb"},"inLanguage":"fr-FR","potentialAction":[{"@type":"ReadAction","target":["https:\/\/advocaatreulens.be\/fr\/contact\/"]}]},{"@type":"ImageObject","inLanguage":"fr-FR","@id":"https:\/\/advocaatreulens.be\/fr\/contact\/#primaryimage","url":"https:\/\/advocaatreulens.be\/wp-content\/uploads\/2023\/04\/advocaat-reulens-contact-QR_pic15-300x300.jpg","contentUrl":"https:\/\/advocaatreulens.be\/wp-content\/uploads\/2023\/04\/advocaat-reulens-contact-QR_pic15-300x300.jpg"},{"@type":"BreadcrumbList","@id":"https:\/\/advocaatreulens.be\/fr\/contact\/#breadcrumb","itemListElement":[{"@type":"ListItem","position":1,"name":"Home","item":"https:\/\/advocaatreulens.be\/fr\/"},{"@type":"ListItem","position":2,"name":"Contact"}]},{"@type":"WebSite","@id":"https:\/\/advocaatreulens.be\/fr\/#website","url":"https:\/\/advocaatreulens.be\/fr\/","name":"Advocaat Reulens","description":"Legal Guidance in Corporate Governance","publisher":{"@id":"https:\/\/advocaatreulens.be\/fr\/#organization"},"potentialAction":[{"@type":"SearchAction","target":{"@type":"EntryPoint","urlTemplate":"https:\/\/advocaatreulens.be\/fr\/?s={search_term_string}"},"query-input":{"@type":"PropertyValueSpecification","valueRequired":true,"valueName":"search_term_string"}}],"inLanguage":"fr-FR"},{"@type":"Organization","@id":"https:\/\/advocaatreulens.be\/fr\/#organization","name":"Advocaat Reulens","url":"https:\/\/advocaatreulens.be\/fr\/","logo":{"@type":"ImageObject","inLanguage":"fr-FR","@id":"https:\/\/advocaatreulens.be\/fr\/#\/schema\/logo\/image\/","url":"https:\/\/advocaatreulens.be\/wp-content\/uploads\/2023\/03\/advocaat-reulens-martine-logo.svg","contentUrl":"https:\/\/advocaatreulens.be\/wp-content\/uploads\/2023\/03\/advocaat-reulens-martine-logo.svg","caption":"Advocaat Reulens"},"image":{"@id":"https:\/\/advocaatreulens.be\/fr\/#\/schema\/logo\/image\/"}}]}},"_links":{"self":[{"href":"https:\/\/advocaatreulens.be\/fr\/wp-json\/wp\/v2\/pages\/2291","targetHints":{"allow":["GET"]}}],"collection":[{"href":"https:\/\/advocaatreulens.be\/fr\/wp-json\/wp\/v2\/pages"}],"about":[{"href":"https:\/\/advocaatreulens.be\/fr\/wp-json\/wp\/v2\/types\/page"}],"author":[{"embeddable":true,"href":"https:\/\/advocaatreulens.be\/fr\/wp-json\/wp\/v2\/users\/1"}],"replies":[{"embeddable":true,"href":"https:\/\/advocaatreulens.be\/fr\/wp-json\/wp\/v2\/comments?post=2291"}],"version-history":[{"count":299,"href":"https:\/\/advocaatreulens.be\/fr\/wp-json\/wp\/v2\/pages\/2291\/revisions"}],"predecessor-version":[{"id":6092,"href":"https:\/\/advocaatreulens.be\/fr\/wp-json\/wp\/v2\/pages\/2291\/revisions\/6092"}],"wp:attachment":[{"href":"https:\/\/advocaatreulens.be\/fr\/wp-json\/wp\/v2\/media?parent=2291"}],"curies":[{"name":"wp","href":"https:\/\/api.w.org\/{rel}","templated":true}]}}